{"id":10088,"date":"2023-01-12T16:11:07","date_gmt":"2023-01-12T15:11:07","guid":{"rendered":"https:\/\/cclinic.sk\/klinika\/?page_id=10088"},"modified":"2023-02-07T17:16:55","modified_gmt":"2023-02-07T16:16:55","slug":"radiesse-volumenlifting-und-konturierung","status":"publish","type":"page","link":"https:\/\/cclinic.sk\/klinika\/de\/medical-vorsorge-und-heilung\/aesthetische-dermatologie\/radiesse-volumenlifting-und-konturierung\/","title":{"rendered":"RADIESSE \u2013 VOLUMENLIFTING UND KONTURIERUNG"},"content":{"rendered":"\n<style type=\"text\/css\" data-created_by=\"avia_inline_auto\" id=\"style-css-av-dqgbui-2fe3201232249090e13cf44f62581a6c\">\n.avia-section.av-dqgbui-2fe3201232249090e13cf44f62581a6c{\nbackground-repeat:no-repeat;\nbackground-image:url(https:\/\/i0.wp.com\/cclinic.sk\/klinika\/wp-content\/uploads\/2018\/11\/esteticka_derma_1920x288px.jpg?fit=1920%2C288&ssl=1);\nbackground-position:50% 50%;\nbackground-attachment:scroll;\n}\n<\/style>\n<div id='hlavicka'  class='avia-section av-dqgbui-2fe3201232249090e13cf44f62581a6c alternate_color avia-section-large avia-no-shadow  avia-builder-el-0  el_before_av_one_fourth  avia-builder-el-first  avia-full-stretch avia-bg-style-scroll container_wrap sidebar_right'  data-section-bg-repeat='stretch'><div class='container av-section-cont-open' ><main  role=\"main\" itemprop=\"mainContentOfPage\"  class='template-page content  av-content-small alpha units'><div class='post-entry post-entry-type-page post-entry-10088'><div class='entry-content-wrapper clearfix'>\n<section  class='av_textblock_section av-d70iy2-4fd096ad270086f5e215639a8265bf15 '   itemscope=\"itemscope\" itemtype=\"https:\/\/schema.org\/CreativeWork\" ><div class='avia_textblock'  itemprop=\"text\" ><h2 style=\"text-align: center;\">\u00c4STHETISCHE DERMATOLOGIE<\/h2>\n<\/div><\/section>\n<\/div><\/div><\/main><!-- close content main element --><\/div><\/div><div id='after_section_1'  class='main_color av_default_container_wrap container_wrap sidebar_right'  ><div class='container av-section-cont-open' ><div class='template-page content  av-content-small alpha units'><div class='post-entry post-entry-type-page post-entry-10088'><div class='entry-content-wrapper clearfix'>\n\n<style type=\"text\/css\" data-created_by=\"avia_inline_auto\" id=\"style-css-av-b7zih6-187bdd80703a027a7b48b3bf93918f81\">\n.flex_column.av-b7zih6-187bdd80703a027a7b48b3bf93918f81{\nborder-radius:0px 0px 0px 0px;\npadding:0px 0px 0px 0px;\n}\n<\/style>\n<div  class='flex_column av-b7zih6-187bdd80703a027a7b48b3bf93918f81 av_one_fourth  avia-builder-el-2  el_after_av_section  el_before_av_three_fourth  avia-builder-el-first  first flex_column_div av-zero-column-padding  '     ><div  class='avia-builder-widget-area clearfix  avia-builder-el-3  avia-builder-el-no-sibling '><div id=\"nav_menu-65\" class=\"widget clearfix widget_nav_menu\"><h3 class=\"widgettitle\">GESICHT UND HALS<\/h3><div class=\"menu-de-medical-derma-tvar-container\"><ul id=\"menu-de-medical-derma-tvar\" class=\"menu\"><li id=\"menu-item-10092\" class=\"menu-item menu-item-type-post_type menu-item-object-page menu-item-10092\"><a href=\"https:\/\/cclinic.sk\/klinika\/de\/medical-vorsorge-und-heilung\/aesthetische-dermatologie\/radiesse-volumenlifting-und-konturierung\/\">RADIESSE \u2013 VOLUMENLIFTING UND KONTURIERUNG<\/a><\/li>\n<li id=\"menu-item-9704\" class=\"menu-item menu-item-type-post_type menu-item-object-page menu-item-9704\"><a href=\"https:\/\/cclinic.sk\/klinika\/de\/medical-vorsorge-und-heilung\/aesthetische-dermatologie\/profhilo-bio-remodeling-sofortiges-lifting-und-hydratisierung-der-haut\/\">PROFHILO\u00ae \u2013 BIO-REMODELING \u2013 SOFORTIGES LIFTING UND HYDRATISIERUNG DER HAUT<\/a><\/li>\n<li id=\"menu-item-2321\" class=\"menu-item menu-item-type-post_type menu-item-object-page menu-item-2321\"><a href=\"https:\/\/cclinic.sk\/klinika\/de\/medical-vorsorge-und-heilung\/aesthetische-dermatologie\/skinbooster-tiefenhydration-und-hautstraffung-mit-vernetzter-hyaluronsaure\/\">Skinbooster \u2013 Tiefenhydration und Hautstraffung mit vernetzter Hyalurons\u00e4ure<\/a><\/li>\n<li id=\"menu-item-2322\" class=\"menu-item menu-item-type-post_type menu-item-object-page menu-item-2322\"><a href=\"https:\/\/cclinic.sk\/klinika\/de\/medical-vorsorge-und-heilung\/aesthetische-dermatologie\/plasmatherapie-draculatherapie-eigenblutbehandlung-vampirlift\/\">Plasmatherapie \u2013 Draculatherapie \/ Eigenblutbehandlung \u201eVampirlift\u201c<\/a><\/li>\n<li id=\"menu-item-2323\" class=\"menu-item menu-item-type-post_type menu-item-object-page menu-item-2323\"><a href=\"https:\/\/cclinic.sk\/klinika\/de\/medical-vorsorge-und-heilung\/aesthetische-dermatologie\/mesotherapie-mesolift\/\">Mesotherapie \/ Mesolift<\/a><\/li>\n<li id=\"menu-item-2324\" class=\"menu-item menu-item-type-post_type menu-item-object-page menu-item-2324\"><a href=\"https:\/\/cclinic.sk\/klinika\/de\/medical-vorsorge-und-heilung\/aesthetische-dermatologie\/mesobotox-kombiniert-mesotherapie-und-botox\/\">Mesobotox \u2013 kombiniert  Mesotherapie und Botox<\/a><\/li>\n<li id=\"menu-item-2325\" class=\"menu-item menu-item-type-post_type menu-item-object-page menu-item-2325\"><a href=\"https:\/\/cclinic.sk\/klinika\/de\/medical-vorsorge-und-heilung\/aesthetische-dermatologie\/radiofrequenz-needling-mit-gerat-ellisys\/\">Radiofrequenz Needling mit Ger\u00e4t ELLISYS<\/a><\/li>\n<li id=\"menu-item-2326\" class=\"menu-item menu-item-type-post_type menu-item-object-page menu-item-2326\"><a href=\"https:\/\/cclinic.sk\/klinika\/de\/medical-vorsorge-und-heilung\/aesthetische-dermatologie\/faltenbehandlung-hyaluronsaure\/\">Faltenbehandlung \u2013 Hyalurons\u00e4ure<\/a><\/li>\n<li id=\"menu-item-2327\" class=\"menu-item menu-item-type-post_type menu-item-object-page menu-item-2327\"><a href=\"https:\/\/cclinic.sk\/klinika\/de\/medical-vorsorge-und-heilung\/aesthetische-dermatologie\/korrektur-der-lippen-und-des-perioralen-bereiches-mit-hyaluronsaure\/\">Korrektur der Lippen und des perioralen Bereiches mit Hyalurons\u00e4ure<\/a><\/li>\n<li id=\"menu-item-2328\" class=\"menu-item menu-item-type-post_type menu-item-object-page menu-item-2328\"><a href=\"https:\/\/cclinic.sk\/klinika\/de\/medical-vorsorge-und-heilung\/aesthetische-dermatologie\/straffen-der-gesichtskonturen-face-contouring-mit-hyaluronsaure\/\">Straffen der Gesichtskonturen \u2013 Face Contouring mit Hyalurons\u00e4ure<\/a><\/li>\n<li id=\"menu-item-2329\" class=\"menu-item menu-item-type-post_type menu-item-object-page menu-item-2329\"><a href=\"https:\/\/cclinic.sk\/klinika\/de\/medical-vorsorge-und-heilung\/aesthetische-dermatologie\/behandlung-der-augenringe-mit-hyaluronsaure\/\">Behandlung der Augenringe mit Hyalurons\u00e4ure<\/a><\/li>\n<li id=\"menu-item-2330\" class=\"menu-item menu-item-type-post_type menu-item-object-page menu-item-2330\"><a href=\"https:\/\/cclinic.sk\/klinika\/de\/medical-vorsorge-und-heilung\/aesthetische-dermatologie\/behandlung-der-falten-mit-botulinumtoxin\/\">Behandlung der Falten mit Botulinumtoxin<\/a><\/li>\n<li id=\"menu-item-2332\" class=\"menu-item menu-item-type-post_type menu-item-object-page menu-item-2332\"><a href=\"https:\/\/cclinic.sk\/klinika\/de\/medical-vorsorge-und-heilung\/aesthetische-dermatologie\/enzymotherapie-entfernung-vom-doppelkinn-der-schlaffen-gesichtskonturen-und-narben\/\">Enzymotherapie &#8211; Entfernung vom Doppelkinn, der Schlaffen Gesichtskonturen und Narben<\/a><\/li>\n<li id=\"menu-item-2335\" class=\"menu-item menu-item-type-post_type menu-item-object-page menu-item-2335\"><a href=\"https:\/\/cclinic.sk\/klinika\/de\/medical-vorsorge-und-heilung\/aesthetische-dermatologie\/smartlux-led-licht-therapie\/\">Smartlux \u2013 LED-Licht Therapie<\/a><\/li>\n<li id=\"menu-item-2336\" class=\"menu-item menu-item-type-post_type menu-item-object-page menu-item-2336\"><a href=\"https:\/\/cclinic.sk\/klinika\/de\/medical-vorsorge-und-heilung\/aesthetische-dermatologie\/co2-laser-entfernung-der-hautwucherungen-auswuchse-im-gesicht\/\">CO2 Laser \u2013 Entfernung der Hautwucherungen \/ Ausw\u00fcchse im Gesicht<\/a><\/li>\n<li id=\"menu-item-2339\" class=\"menu-item menu-item-type-post_type menu-item-object-page menu-item-2339\"><a href=\"https:\/\/cclinic.sk\/klinika\/de\/medical-vorsorge-und-heilung\/aesthetische-dermatologie\/fraktionierte-co2-laser-skin-resurfacing-therapie\/\">Fraktionierte CO2 Laser-Skin-Resurfacing-Therapie<\/a><\/li>\n<li id=\"menu-item-2340\" class=\"menu-item menu-item-type-post_type menu-item-object-page menu-item-2340\"><a href=\"https:\/\/cclinic.sk\/klinika\/de\/medical-vorsorge-und-heilung\/aesthetische-dermatologie\/mesolift-lasertherapie\/\">Mesolift-Lasertherapie<\/a><\/li>\n<li id=\"menu-item-2341\" class=\"menu-item menu-item-type-post_type menu-item-object-page menu-item-2341\"><a href=\"https:\/\/cclinic.sk\/klinika\/de\/medical-vorsorge-und-heilung\/aesthetische-dermatologie\/photorejuvenation-mit-intensivem-puls-licht-ipl-lumenis-m22\/\">Photorejuvenation mit intensivem Puls-Licht IPL Lumenis M22<\/a><\/li>\n<li id=\"menu-item-2342\" class=\"menu-item menu-item-type-post_type menu-item-object-page menu-item-2342\"><a href=\"https:\/\/cclinic.sk\/klinika\/de\/medical-vorsorge-und-heilung\/aesthetische-dermatologie\/beseitigung-der-erweiterten-kapillargefasen-im-gesicht-mit-intensivem-puls-licht-ipl-lumenis-m22\/\">Beseitigung der erweiterten Kapillargef\u00e4\u00dfen im Gesicht mit intensivem Puls-Licht IPL Lumenis M22<\/a><\/li>\n<li id=\"menu-item-2343\" class=\"menu-item menu-item-type-post_type menu-item-object-page menu-item-2343\"><a href=\"https:\/\/cclinic.sk\/klinika\/de\/medical-vorsorge-und-heilung\/aesthetische-dermatologie\/entfernen-der-pigmentstorungen-im-gesicht-mit-intensivem-puls-licht-ipl-lumenis-m22\/\">Entfernen der Pigmentst\u00f6rungen im Gesicht mit intensivem Puls-Licht IPL Lumenis M22<\/a><\/li>\n<li id=\"menu-item-2344\" class=\"menu-item menu-item-type-post_type menu-item-object-page menu-item-2344\"><a href=\"https:\/\/cclinic.sk\/klinika\/de\/medical-vorsorge-und-heilung\/aesthetische-dermatologie\/behandlung-von-akne-mit-intensivem-puls-licht-ipl-lumenis-m22\/\">Behandlung von Rosacea und Akne mit intensivem Puls-Licht \u2013 IPL Lumenis M22<\/a><\/li>\n<li id=\"menu-item-2345\" class=\"menu-item menu-item-type-post_type menu-item-object-page menu-item-2345\"><a href=\"https:\/\/cclinic.sk\/klinika\/de\/medical-vorsorge-und-heilung\/aesthetische-dermatologie\/kryotherapie-flussiger-stickstoff\/\">Kryotherapie \u2013 Fl\u00fcssiger Stickstoff<\/a><\/li>\n<li id=\"menu-item-5182\" class=\"menu-item menu-item-type-post_type menu-item-object-page menu-item-5182\"><a href=\"https:\/\/cclinic.sk\/klinika\/de\/medical-vorsorge-und-heilung\/aesthetische-dermatologie\/chemisches-peeling-mit-retinol\/\">CHEMISCHES PEELING MIT RETINOL<\/a><\/li>\n<li id=\"menu-item-2348\" class=\"menu-item menu-item-type-post_type menu-item-object-page menu-item-2348\"><a href=\"https:\/\/cclinic.sk\/klinika\/de\/medical-vorsorge-und-heilung\/aesthetische-dermatologie\/ultherapy-ultraschall-lifting\/\">Ultherapy<\/a><\/li>\n<li id=\"menu-item-2349\" class=\"menu-item menu-item-type-post_type menu-item-object-page menu-item-2349\"><a href=\"https:\/\/cclinic.sk\/klinika\/de\/medical-vorsorge-und-heilung\/aesthetische-dermatologie\/entfernung-der-kapillargefase-im-gesicht-mit-intensivem-puls-licht-ipl-und-diodenlaser\/\">Entfernung der Kapillargef\u00e4\u00dfe im Gesicht mit intensivem Puls-Licht IPL und Diodenlaser<\/a><\/li>\n<li id=\"menu-item-2350\" class=\"menu-item menu-item-type-post_type menu-item-object-page menu-item-2350\"><a href=\"https:\/\/cclinic.sk\/klinika\/de\/medical-vorsorge-und-heilung\/aesthetische-dermatologie\/dermatoskopie-untersuchung-der-muttermale-im-gesicht\/\">Dermatoskopie \u2013 Untersuchung der Muttermale im Gesicht<\/a><\/li>\n<\/ul><\/div><\/div><div id=\"text-16\" class=\"widget clearfix widget_text\">\t\t\t<div class=\"textwidget\"><h3><a href=\"https:\/\/cclinic.sk\/klinika\/de\/medical-vorsorge-und-heilung\/aesthetische-dermatologie\/\">K\u00d6RPER<\/a><\/h3>\n<h3><a href=\"https:\/\/cclinic.sk\/klinika\/de\/medical-vorsorge-und-heilung\/aesthetische-dermatologie\/\">KONSULTATION<\/a><\/h3>\n<\/div>\n\t\t<\/div><\/div><\/div>\n\n<style type=\"text\/css\" data-created_by=\"avia_inline_auto\" id=\"style-css-av-7usauy-0e6ceca79abc09089be4b0c3a3873635\">\n.flex_column.av-7usauy-0e6ceca79abc09089be4b0c3a3873635{\nborder-radius:0px 0px 0px 0px;\npadding:0px 0px 0px 0px;\n}\n<\/style>\n<div  class='flex_column av-7usauy-0e6ceca79abc09089be4b0c3a3873635 av_three_fourth  avia-builder-el-4  el_after_av_one_fourth  avia-builder-el-last  flex_column_div av-zero-column-padding  '     ><section  class='av_textblock_section av-5psyca-495eb97e34c7a5053b7fe95a8c02a67b '   itemscope=\"itemscope\" itemtype=\"https:\/\/schema.org\/CreativeWork\" ><div class='avia_textblock'  itemprop=\"text\" ><h1>Radiesse \u2013 Volumenlifting und Konturierung mit lang andauernder Kollagenstimulation<u><\/u><\/h1>\n<p><img decoding=\"async\" class=\"alignleft wp-image-615 size-full\" src=\"https:\/\/i0.wp.com\/cclinic.sk\/klinika\/wp-content\/uploads\/2018\/04\/lifitng_tvare_cela_obocia_krku_nitovy.jpg?resize=960%2C385&#038;ssl=1\" alt=\"radiesse\" width=\"960\" height=\"385\" srcset=\"https:\/\/i0.wp.com\/cclinic.sk\/klinika\/wp-content\/uploads\/2018\/04\/lifitng_tvare_cela_obocia_krku_nitovy.jpg?w=960&amp;ssl=1 960w, https:\/\/i0.wp.com\/cclinic.sk\/klinika\/wp-content\/uploads\/2018\/04\/lifitng_tvare_cela_obocia_krku_nitovy.jpg?resize=300%2C120&amp;ssl=1 300w, https:\/\/i0.wp.com\/cclinic.sk\/klinika\/wp-content\/uploads\/2018\/04\/lifitng_tvare_cela_obocia_krku_nitovy.jpg?resize=768%2C308&amp;ssl=1 768w, https:\/\/i0.wp.com\/cclinic.sk\/klinika\/wp-content\/uploads\/2018\/04\/lifitng_tvare_cela_obocia_krku_nitovy.jpg?resize=705%2C283&amp;ssl=1 705w, https:\/\/i0.wp.com\/cclinic.sk\/klinika\/wp-content\/uploads\/2018\/04\/lifitng_tvare_cela_obocia_krku_nitovy.jpg?resize=450%2C180&amp;ssl=1 450w\" sizes=\"(max-width: 960px) 100vw, 960px\" data-recalc-dims=\"1\" \/><\/p>\n<p>Mit dem Alter wird im menschlichen K\u00f6rper die Kollagenproduktion verlangsamt.<br \/>\nRadiesse ist ein Dermalfiller, welcher seine Neubildung stimuliert &#8211; durch seine Wirkung kommt es zur Neukollagenese \u2013 Bildung von Kollagen Typ III mit seiner Umwandlung in Kollagen Typ I. Durch seine Wirkung kommt es zur Proliferation oder Neubildung von Hautzellen \u2013 Fibroblasten, bei dem Prozess der Angiogenese entstehen neue Blutgef\u00e4sse.<\/p>\n<p>Sein Hauptbestandteil ist der synthetische Calciumhydroxylapatit (30%) in w\u00e4ssrigem Gel Sodium-Carboxymethylzellulose (70%).<\/p>\n<p>Radiesse kann sicher und effektiv tiefe und moderate Falten reduzieren, gleichzeitig l\u00e4sst sich verloren gegangenes Volumen direkt ersetzen und korrigieren.<\/p>\n<p>Dank seinen eigenartigen Eigenschaften kommt es zu einer langfristigen Verbesserung der Hautqualit\u00e4t. Er eignet sich zur Behandlung von Zonen, wo eine genaue Konturierung und Volumenaufbau notwendig sind, sein Lifting &#8211; Effekt ist hervorragend.<\/p>\n<p>Ca. vier Wochen nach der Fillerbehandlung wird der Lifting \u2013 Effekt sichtbar, mit der Zeit wird er st\u00e4rker. Neue Kollagenfasern bilden ein dichtes Kollagennetz, was zum Liftingeffekt f\u00fchrt. Das neue Kollagennetz sorgt f\u00fcr eine langfristige Hautfestigkeit und Konturierung der Gesichts- und K\u00f6rperz\u00fcge. Mit der Kollagenneubildung werden die Calciumhydroxylapatit \u2013 Mikrosph\u00e4ren schrittweise abgebaut, bis sie komplett degradiert werden. Der Abbauprozess von Calciumhydroxylapatit beginnt ca. 6 Monate nach der Applikation.<\/p>\n<p>Die Applikation von Dermalfiller Radiesse f\u00fchrt zu einem langfristigen aesthetischen Ergebnis mit fester und elastischer Haut und verbesserter Hauttextur.<\/p>\n<p><strong>Radiesse eignet sich zur Behandlung von Gesicht, Hals, Decollet\u00e9, Handr\u00fccken sowie der erschlafften K\u00f6rperregionen wie Arme, Bauch oder Knie.<\/strong><\/p>\n<h2>BASISINFORMATIONEN:<\/h2>\n<ul>\n<li>Der Eingriff ist schmerzlos, der Behandlungsbereich wird vor dem Eingriff mit einer lokalen An\u00e4sthesie bet\u00e4ubt, das Pr\u00e4parat wird mit einer Kan\u00fcle injiziert<\/li>\n<li>Eine R\u00f6tung und leichte Schwellung k\u00f6nnen direkt nach dem Eingriff auftreten, selten k\u00f6nnen sich auch H\u00e4matome bilden, diese verschwinden in den n\u00e4chsten Tagen<\/li>\n<li>24 Stunden nach dem Eingriff kein Make-up auftragen, 72 Stunden keine intensive Sporttreibung<\/li>\n<li>Nach dem Eingriff ist die behandelte Stelle vor starker W\u00e4rme und K\u00e4lte zu sch\u00fctzen (0-40 C), keine Sauna oder Schwimmen<\/li>\n<li>Der Eingriff wird ganzj\u00e4hrlich durchgef\u00fchrt, die Wirkung h\u00e4lt 12 Monate oder auch l\u00e4nger<\/li>\n<li>Der Filler Radiesse verf\u00fcgt \u00fcber die FDA, CE und SUKL Zulassung<\/li>\n<\/ul>\n<\/div><\/section><br \/>\n<section  class='av_textblock_section av-ldlokaxp-d45b254fc4a5e1a90e03fd12b28b0391 '   itemscope=\"itemscope\" itemtype=\"https:\/\/schema.org\/CreativeWork\" ><div class='avia_textblock'  itemprop=\"text\" ><h2>Vorher-Nachher Bilder<\/h2>\n<\/div><\/section><br \/>\n\n<style type=\"text\/css\" data-created_by=\"avia_inline_auto\" id=\"style-css-av-iojgq0-2931be0afa38371bffa7e38464044922\">\n#top .hr.hr-invisible.av-iojgq0-2931be0afa38371bffa7e38464044922{\nheight:24px;\n}\n<\/style>\n<div  class='hr av-iojgq0-2931be0afa38371bffa7e38464044922 hr-invisible  avia-builder-el-7  el_after_av_textblock  el_before_av_gallery '><span class='hr-inner '><span class=\"hr-inner-style\"><\/span><\/span><\/div><br \/>\n\n<style type=\"text\/css\" data-created_by=\"avia_inline_auto\" id=\"style-css-av-ldlokx0l-7c304f67799e4f7d46dfe25021ce7abb\">\n#top .avia-gallery.av-ldlokx0l-7c304f67799e4f7d46dfe25021ce7abb .avia-gallery-thumb a{\nwidth:33.3333%;\n}\n<\/style>\n<div  class='avia-gallery av-ldlokx0l-7c304f67799e4f7d46dfe25021ce7abb avia_animate_when_visible  avia-builder-el-8  el_after_av_hr  el_before_av_textblock  avia_lazyload avia-gallery-animate avia-gallery-1'  itemprop=\"image\" itemscope=\"itemscope\" itemtype=\"https:\/\/schema.org\/ImageObject\" ><meta itemprop=\"contentURL\" content=\"https:\/\/cclinic.sk\/klinika\/de\/medical-vorsorge-und-heilung\/aesthetische-dermatologie\/radiesse-volumenlifting-und-konturierung\/\"><div class='avia-gallery-thumb'><a href=\"https:\/\/i0.wp.com\/cclinic.sk\/klinika\/wp-content\/uploads\/2023\/02\/photo-output-1.jpg?fit=1030%2C1030&amp;ssl=1\" data-srcset=\"https:\/\/i0.wp.com\/cclinic.sk\/klinika\/wp-content\/uploads\/2023\/02\/photo-output-1.jpg?w=1920&amp;ssl=1 1920w, https:\/\/i0.wp.com\/cclinic.sk\/klinika\/wp-content\/uploads\/2023\/02\/photo-output-1.jpg?resize=300%2C300&amp;ssl=1 300w, https:\/\/i0.wp.com\/cclinic.sk\/klinika\/wp-content\/uploads\/2023\/02\/photo-output-1.jpg?resize=1030%2C1030&amp;ssl=1 1030w, https:\/\/i0.wp.com\/cclinic.sk\/klinika\/wp-content\/uploads\/2023\/02\/photo-output-1.jpg?resize=80%2C80&amp;ssl=1 80w, https:\/\/i0.wp.com\/cclinic.sk\/klinika\/wp-content\/uploads\/2023\/02\/photo-output-1.jpg?resize=768%2C768&amp;ssl=1 768w, https:\/\/i0.wp.com\/cclinic.sk\/klinika\/wp-content\/uploads\/2023\/02\/photo-output-1.jpg?resize=1536%2C1536&amp;ssl=1 1536w, https:\/\/i0.wp.com\/cclinic.sk\/klinika\/wp-content\/uploads\/2023\/02\/photo-output-1.jpg?resize=36%2C36&amp;ssl=1 36w, https:\/\/i0.wp.com\/cclinic.sk\/klinika\/wp-content\/uploads\/2023\/02\/photo-output-1.jpg?resize=180%2C180&amp;ssl=1 180w, https:\/\/i0.wp.com\/cclinic.sk\/klinika\/wp-content\/uploads\/2023\/02\/photo-output-1.jpg?resize=1500%2C1500&amp;ssl=1 1500w, https:\/\/i0.wp.com\/cclinic.sk\/klinika\/wp-content\/uploads\/2023\/02\/photo-output-1.jpg?resize=705%2C705&amp;ssl=1 705w\" data-sizes=\"(max-width: 1030px) 100vw, 1030px\" data-rel='gallery-1' data-prev-img='https:\/\/i0.wp.com\/cclinic.sk\/klinika\/wp-content\/uploads\/2023\/02\/photo-output-1.jpg?resize=495%2C400&ssl=1' class='first_thumb lightbox ' data-onclick='1' title='photo-output'  itemprop=\"thumbnailUrl\"  ><img decoding=\"async\" fetchpriority=\"high\" class=\"wp-image-10120 avia-img-lazy-loading-not-10120\"   src=\"https:\/\/i0.wp.com\/cclinic.sk\/klinika\/wp-content\/uploads\/2023\/02\/photo-output-1.jpg?fit=705%2C705&ssl=1\" width=\"705\" height=\"705\"  title='photo-output' alt='' srcset=\"https:\/\/i0.wp.com\/cclinic.sk\/klinika\/wp-content\/uploads\/2023\/02\/photo-output-1.jpg?w=1920&amp;ssl=1 1920w, https:\/\/i0.wp.com\/cclinic.sk\/klinika\/wp-content\/uploads\/2023\/02\/photo-output-1.jpg?resize=300%2C300&amp;ssl=1 300w, https:\/\/i0.wp.com\/cclinic.sk\/klinika\/wp-content\/uploads\/2023\/02\/photo-output-1.jpg?resize=1030%2C1030&amp;ssl=1 1030w, https:\/\/i0.wp.com\/cclinic.sk\/klinika\/wp-content\/uploads\/2023\/02\/photo-output-1.jpg?resize=80%2C80&amp;ssl=1 80w, https:\/\/i0.wp.com\/cclinic.sk\/klinika\/wp-content\/uploads\/2023\/02\/photo-output-1.jpg?resize=768%2C768&amp;ssl=1 768w, https:\/\/i0.wp.com\/cclinic.sk\/klinika\/wp-content\/uploads\/2023\/02\/photo-output-1.jpg?resize=1536%2C1536&amp;ssl=1 1536w, https:\/\/i0.wp.com\/cclinic.sk\/klinika\/wp-content\/uploads\/2023\/02\/photo-output-1.jpg?resize=36%2C36&amp;ssl=1 36w, https:\/\/i0.wp.com\/cclinic.sk\/klinika\/wp-content\/uploads\/2023\/02\/photo-output-1.jpg?resize=180%2C180&amp;ssl=1 180w, https:\/\/i0.wp.com\/cclinic.sk\/klinika\/wp-content\/uploads\/2023\/02\/photo-output-1.jpg?resize=1500%2C1500&amp;ssl=1 1500w, https:\/\/i0.wp.com\/cclinic.sk\/klinika\/wp-content\/uploads\/2023\/02\/photo-output-1.jpg?resize=705%2C705&amp;ssl=1 705w\" sizes=\"(max-width: 705px) 100vw, 705px\" \/><div class='big-prev-fake'><img decoding=\"async\" loading=\"lazy\" class=\"wp-image-10120 avia-img-lazy-loading-10120\"  width=\"495\" height=\"400\" src=\"https:\/\/i0.wp.com\/cclinic.sk\/klinika\/wp-content\/uploads\/2023\/02\/photo-output-1.jpg?resize=495%2C400&ssl=1\" title='photo-output' alt='' srcset=\"https:\/\/i0.wp.com\/cclinic.sk\/klinika\/wp-content\/uploads\/2023\/02\/photo-output-1.jpg?resize=495%2C400&amp;ssl=1 495w, https:\/\/i0.wp.com\/cclinic.sk\/klinika\/wp-content\/uploads\/2023\/02\/photo-output-1.jpg?resize=845%2C684&amp;ssl=1 845w, https:\/\/i0.wp.com\/cclinic.sk\/klinika\/wp-content\/uploads\/2023\/02\/photo-output-1.jpg?zoom=2&amp;resize=495%2C400&amp;ssl=1 990w, https:\/\/i0.wp.com\/cclinic.sk\/klinika\/wp-content\/uploads\/2023\/02\/photo-output-1.jpg?zoom=3&amp;resize=495%2C400&amp;ssl=1 1485w\" sizes=\"(max-width: 495px) 100vw, 495px\" \/><\/div><\/a><\/div><\/div><br \/>\n<section  class='av_textblock_section av-ldlolnab-a46610f21145a3584e074b2ad4e84784 '   itemscope=\"itemscope\" itemtype=\"https:\/\/schema.org\/CreativeWork\" ><div class='avia_textblock'  itemprop=\"text\" ><p style=\"text-align: left;\">Radiesse &#8211; Halsverj\u00fcngung<br \/>\nMUDr. Diana Vi\u0161\u0148ovsk\u00e1<\/p>\n<\/div><\/section><\/p><\/div>\n","protected":false},"excerpt":{"rendered":"","protected":false},"author":7,"featured_media":0,"parent":1996,"menu_order":0,"comment_status":"closed","ping_status":"closed","template":"","meta":{"_acf_changed":false,"footnotes":""},"acf":[],"jetpack_sharing_enabled":true,"_links":{"self":[{"href":"https:\/\/cclinic.sk\/klinika\/wp-json\/wp\/v2\/pages\/10088"}],"collection":[{"href":"https:\/\/cclinic.sk\/klinika\/wp-json\/wp\/v2\/pages"}],"about":[{"href":"https:\/\/cclinic.sk\/klinika\/wp-json\/wp\/v2\/types\/page"}],"author":[{"embeddable":true,"href":"https:\/\/cclinic.sk\/klinika\/wp-json\/wp\/v2\/users\/7"}],"replies":[{"embeddable":true,"href":"https:\/\/cclinic.sk\/klinika\/wp-json\/wp\/v2\/comments?post=10088"}],"version-history":[{"count":5,"href":"https:\/\/cclinic.sk\/klinika\/wp-json\/wp\/v2\/pages\/10088\/revisions"}],"predecessor-version":[{"id":10131,"href":"https:\/\/cclinic.sk\/klinika\/wp-json\/wp\/v2\/pages\/10088\/revisions\/10131"}],"up":[{"embeddable":true,"href":"https:\/\/cclinic.sk\/klinika\/wp-json\/wp\/v2\/pages\/1996"}],"wp:attachment":[{"href":"https:\/\/cclinic.sk\/klinika\/wp-json\/wp\/v2\/media?parent=10088"}],"curies":[{"name":"wp","href":"https:\/\/api.w.org\/{rel}","templated":true}]}}