{"id":1844,"date":"2018-06-22T16:37:53","date_gmt":"2018-06-22T14:37:53","guid":{"rendered":"https:\/\/cclinic.sk\/klinika\/?page_id=1844"},"modified":"2025-03-17T09:21:54","modified_gmt":"2025-03-17T08:21:54","slug":"unser-team","status":"publish","type":"page","link":"https:\/\/cclinic.sk\/klinika\/de\/unser-team\/","title":{"rendered":"UNSER TEAM"},"content":{"rendered":"\n<style type=\"text\/css\" data-created_by=\"avia_inline_auto\" id=\"style-css-av-190rays-893ed68e7cdaef461e3a492bdc105ff8\">\n.avia-section.av-190rays-893ed68e7cdaef461e3a492bdc105ff8{\nbackground-repeat:no-repeat;\nbackground-image:url(https:\/\/i0.wp.com\/cclinic.sk\/klinika\/wp-content\/uploads\/2018\/04\/interna.jpg?fit=1500%2C297&ssl=1);\nbackground-position:50% 50%;\nbackground-attachment:scroll;\n}\n<\/style>\n<div id='hlavicka'  class='avia-section av-190rays-893ed68e7cdaef461e3a492bdc105ff8 alternate_color avia-section-large avia-no-shadow  avia-builder-el-0  el_before_av_section  avia-builder-el-first  avia-full-stretch avia-bg-style-scroll container_wrap sidebar_right'  data-section-bg-repeat='stretch'><div class='container av-section-cont-open' ><main  role=\"main\" itemprop=\"mainContentOfPage\"  class='template-page content  av-content-small alpha units'><div class='post-entry post-entry-type-page post-entry-1844'><div class='entry-content-wrapper clearfix'>\n<section  class='av_textblock_section av-18mg9as-798e8bd205fc8839be753818c50922ca '   itemscope=\"itemscope\" itemtype=\"https:\/\/schema.org\/CreativeWork\" ><div class='avia_textblock'  itemprop=\"text\" ><h2 style=\"text-align: center;\">\u00dcBER UNS<\/h2>\n<\/div><\/section>\n\n<\/div><\/div><\/main><!-- close content main element --><\/div><\/div><div id='av_section_2'  class='avia-section av-16eyobo-5db3986d6997bf63f257ee478a02f0f0 main_color avia-section-default avia-no-border-styling  avia-builder-el-2  el_after_av_section  el_before_av_section  avia-bg-style-scroll container_wrap sidebar_right'  ><div class='container av-section-cont-open' ><div class='template-page content  av-content-small alpha units'><div class='post-entry post-entry-type-page post-entry-1844'><div class='entry-content-wrapper clearfix'>\n<section  class='av_textblock_section av-152pa10-d958739a98b9c37d237c669a9e0848bb '   itemscope=\"itemscope\" itemtype=\"https:\/\/schema.org\/CreativeWork\" ><div class='avia_textblock'  itemprop=\"text\" ><h1 style=\"text-align: center;\">ZUSAMMEN SIND WIR CONCEPT CLINIC<\/h1>\n<\/div><\/section>\n<section  class='av_textblock_section av-12wiul0-1c70b31a866998489691663a30fff028 '   itemscope=\"itemscope\" itemtype=\"https:\/\/schema.org\/CreativeWork\" ><div class='avia_textblock'  itemprop=\"text\" ><p style=\"text-align: center;\">Jederzeit wenn Sie sich mit Vertrauen an uns wenden steht Ihnen jeder von uns als Repr\u00e4sentant der Klinik zur Verf\u00fcgung. Professionalit\u00e4t, Ethik sowie auch die gemeinschaftliche Etikette sind ein gemeinsames Zeichen aller Mitglieder von unserem Team. Dank einem breiten Spektrum an Fachkompetenz und spezialisierten Fachabteilungen finden Sie bei uns Ihren Arzt oder Spezialisten f\u00fcr einige aus vielen K\u00f6rper\u00fcbungen, finden Relax bei einer Massage oder kosmetischer Behandlung, oder gewinnen Kenntnisse in einem gr\u00fcndlich durchgearbeiteten Programm, reich na Workshops, Seminare und Vortr\u00e4ge.<\/p>\n<\/div><\/section>\n\n<\/div><\/div><\/div><!-- close content main div --><\/div><\/div><div id='av_section_3'  class='avia-section av-10s4pyc-0193d7b027526b4fc95ba3d078862c41 main_color avia-section-default avia-no-border-styling  avia-builder-el-5  el_after_av_section  avia-builder-el-last  avia-bg-style-scroll container_wrap sidebar_right'  ><div class='container av-section-cont-open' ><div class='template-page content  av-content-small alpha units'><div class='post-entry post-entry-type-page post-entry-1844'><div class='entry-content-wrapper clearfix'>\n\n<style type=\"text\/css\" data-created_by=\"avia_inline_auto\" id=\"style-css-av-zy547o-69222f06f3450fcd3c6e6b42e537882a\">\n.flex_column.av-zy547o-69222f06f3450fcd3c6e6b42e537882a{\nborder-radius:0px 0px 0px 0px;\npadding:0px 0px 0px 0px;\n}\n<\/style>\n<div  class='flex_column av-zy547o-69222f06f3450fcd3c6e6b42e537882a av_one_fifth  avia-builder-el-6  el_before_av_one_fifth  avia-builder-el-first  first flex_column_div av-zero-column-padding  '     ><p>\n<style type=\"text\/css\" data-created_by=\"avia_inline_auto\" id=\"style-css-av-xf0id0-d04f95f8515afb1faec1682c3dba34d3\">\n.avia-image-container.av-xf0id0-d04f95f8515afb1faec1682c3dba34d3 img.avia_image{\nbox-shadow:none;\n}\n.avia-image-container.av-xf0id0-d04f95f8515afb1faec1682c3dba34d3 .av-image-caption-overlay-center{\ncolor:#ffffff;\n}\n<\/style>\n<div  class='avia-image-container av-xf0id0-d04f95f8515afb1faec1682c3dba34d3 av-styling- av-img-linked avia-align-center  avia-builder-el-7  el_before_av_hr  avia-builder-el-first '   itemprop=\"image\" itemscope=\"itemscope\" itemtype=\"https:\/\/schema.org\/ImageObject\" ><div class=\"avia-image-container-inner\"><div class=\"avia-image-overlay-wrap\"><a href=\"https:\/\/cclinic.sk\/klinika\/de\/unser-team\/dr-med-jozef-hedera\/\" class='avia_image '  aria-label='Mudr. Jozef Hedera'><img decoding=\"async\" fetchpriority=\"high\" class='wp-image-4923 avia-img-lazy-loading-not-4923 avia_image ' src=\"https:\/\/i0.wp.com\/cclinic.sk\/klinika\/wp-content\/uploads\/2019\/01\/1O3A0710.jpg?fit=667%2C1000&ssl=1\" alt='Mudr. Hedera Concept Clinic' title='Mudr. Jozef Hedera'  height=\"1000\" width=\"667\"  itemprop=\"thumbnailUrl\" srcset=\"https:\/\/i0.wp.com\/cclinic.sk\/klinika\/wp-content\/uploads\/2019\/01\/1O3A0710.jpg?w=667&amp;ssl=1 667w, https:\/\/i0.wp.com\/cclinic.sk\/klinika\/wp-content\/uploads\/2019\/01\/1O3A0710.jpg?resize=200%2C300&amp;ssl=1 200w, https:\/\/i0.wp.com\/cclinic.sk\/klinika\/wp-content\/uploads\/2019\/01\/1O3A0710.jpg?resize=470%2C705&amp;ssl=1 470w, https:\/\/i0.wp.com\/cclinic.sk\/klinika\/wp-content\/uploads\/2019\/01\/1O3A0710.jpg?resize=450%2C675&amp;ssl=1 450w\" sizes=\"(max-width: 667px) 100vw, 667px\" \/><\/a><\/div><\/div><\/div><br \/>\n\n<style type=\"text\/css\" data-created_by=\"avia_inline_auto\" id=\"style-css-av-whbl8k-e7988aaa02da8332af6ee82d5b4bc480\">\n#top .hr.hr-invisible.av-whbl8k-e7988aaa02da8332af6ee82d5b4bc480{\nheight:20px;\n}\n<\/style>\n<div  class='hr av-whbl8k-e7988aaa02da8332af6ee82d5b4bc480 hr-invisible  avia-builder-el-8  el_after_av_image  el_before_av_textblock '><span class='hr-inner '><span class=\"hr-inner-style\"><\/span><\/span><\/div><br \/>\n<section  class='av_textblock_section av-b2wzo-f17263122ed22ae1df89902c55b4fb1f '   itemscope=\"itemscope\" itemtype=\"https:\/\/schema.org\/CreativeWork\" ><div class='avia_textblock'  itemprop=\"text\" ><h3 style=\"text-align: center;\">Dr. med. Jozef Hedera<\/h3>\n<p style=\"text-align: center;\"><em>Facharzt f\u00fcr Plastische Chirurgie<\/em><\/p>\n<\/div><\/section><\/p><\/div>\n<style type=\"text\/css\" data-created_by=\"avia_inline_auto\" id=\"style-css-av-suhl1w-fb07187b477d3906985afcd267e4da06\">\n.flex_column.av-suhl1w-fb07187b477d3906985afcd267e4da06{\nborder-radius:0px 0px 0px 0px;\npadding:0px 0px 0px 0px;\n}\n<\/style>\n<div  class='flex_column av-suhl1w-fb07187b477d3906985afcd267e4da06 av_one_fifth  avia-builder-el-10  el_after_av_one_fifth  el_before_av_one_fifth  flex_column_div av-zero-column-padding  '     ><p>\n<style type=\"text\/css\" data-created_by=\"avia_inline_auto\" id=\"style-css-av-qscwis-506cf70f214f4326dd67ed931d1f0cf7\">\n.avia-image-container.av-qscwis-506cf70f214f4326dd67ed931d1f0cf7 img.avia_image{\nbox-shadow:none;\n}\n.avia-image-container.av-qscwis-506cf70f214f4326dd67ed931d1f0cf7 .av-image-caption-overlay-center{\ncolor:#ffffff;\n}\n<\/style>\n<div  class='avia-image-container av-qscwis-506cf70f214f4326dd67ed931d1f0cf7 av-styling- av-img-linked avia-align-center  avia-builder-el-11  el_before_av_hr  avia-builder-el-first '   itemprop=\"image\" itemscope=\"itemscope\" itemtype=\"https:\/\/schema.org\/ImageObject\" ><div class=\"avia-image-container-inner\"><div class=\"avia-image-overlay-wrap\"><a href=\"https:\/\/cclinic.sk\/klinika\/de\/unser-team\/dr-med-diana-visnovska\/\" class='avia_image '  aria-label='Visnovska_portrait'><img decoding=\"async\" fetchpriority=\"high\" class='wp-image-2418 avia-img-lazy-loading-not-2418 avia_image ' src=\"https:\/\/i0.wp.com\/cclinic.sk\/klinika\/wp-content\/uploads\/2018\/07\/Visnovska_portrait.jpg?fit=1000%2C1500&ssl=1\" alt='' title='Visnovska_portrait'  height=\"1500\" width=\"1000\"  itemprop=\"thumbnailUrl\" srcset=\"https:\/\/i0.wp.com\/cclinic.sk\/klinika\/wp-content\/uploads\/2018\/07\/Visnovska_portrait.jpg?w=1000&amp;ssl=1 1000w, https:\/\/i0.wp.com\/cclinic.sk\/klinika\/wp-content\/uploads\/2018\/07\/Visnovska_portrait.jpg?resize=200%2C300&amp;ssl=1 200w, https:\/\/i0.wp.com\/cclinic.sk\/klinika\/wp-content\/uploads\/2018\/07\/Visnovska_portrait.jpg?resize=768%2C1152&amp;ssl=1 768w, https:\/\/i0.wp.com\/cclinic.sk\/klinika\/wp-content\/uploads\/2018\/07\/Visnovska_portrait.jpg?resize=687%2C1030&amp;ssl=1 687w, https:\/\/i0.wp.com\/cclinic.sk\/klinika\/wp-content\/uploads\/2018\/07\/Visnovska_portrait.jpg?resize=470%2C705&amp;ssl=1 470w, https:\/\/i0.wp.com\/cclinic.sk\/klinika\/wp-content\/uploads\/2018\/07\/Visnovska_portrait.jpg?resize=450%2C675&amp;ssl=1 450w\" sizes=\"(max-width: 1000px) 100vw, 1000px\" \/><\/a><\/div><\/div><\/div><br \/>\n\n<style type=\"text\/css\" data-created_by=\"avia_inline_auto\" id=\"style-css-av-p54wz8-7659eecc5ff4cd2750bfe7ca56931062\">\n#top .hr.hr-invisible.av-p54wz8-7659eecc5ff4cd2750bfe7ca56931062{\nheight:20px;\n}\n<\/style>\n<div  class='hr av-p54wz8-7659eecc5ff4cd2750bfe7ca56931062 hr-invisible  avia-builder-el-12  el_after_av_image  el_before_av_textblock '><span class='hr-inner '><span class=\"hr-inner-style\"><\/span><\/span><\/div><br \/>\n<section  class='av_textblock_section av-num3ro-dd89266f584272636b6a5db0e35f822e '   itemscope=\"itemscope\" itemtype=\"https:\/\/schema.org\/CreativeWork\" ><div class='avia_textblock'  itemprop=\"text\" ><h3 style=\"text-align: center;\">Dr. med. Diana Visnovska<\/h3>\n<p style=\"text-align: center;\"><em>Dermatovenerologe<br \/>\nOber\u00e4rztin der Abteilung der \u00c4sthetischen Dermatologie<\/em><\/p>\n<\/div><\/section><\/p><\/div>\n<style type=\"text\/css\" data-created_by=\"avia_inline_auto\" id=\"style-css-av-88fz8k-0c926f74faacbab1fb291f5163fbce47\">\n.flex_column.av-88fz8k-0c926f74faacbab1fb291f5163fbce47{\nborder-radius:0px 0px 0px 0px;\npadding:0px 0px 0px 0px;\n}\n<\/style>\n<div  class='flex_column av-88fz8k-0c926f74faacbab1fb291f5163fbce47 av_one_fifth  avia-builder-el-14  el_after_av_one_fifth  el_before_av_hr  flex_column_div av-zero-column-padding  '     ><p>\n<style type=\"text\/css\" data-created_by=\"avia_inline_auto\" id=\"style-css-av-6lox9g-103b95a5c4a1366b66beaff96be9dfaa\">\n.avia-image-container.av-6lox9g-103b95a5c4a1366b66beaff96be9dfaa img.avia_image{\nbox-shadow:none;\n}\n.avia-image-container.av-6lox9g-103b95a5c4a1366b66beaff96be9dfaa .av-image-caption-overlay-center{\ncolor:#ffffff;\n}\n<\/style>\n<div  class='avia-image-container av-6lox9g-103b95a5c4a1366b66beaff96be9dfaa av-styling- av-img-linked avia-align-center  avia-builder-el-15  el_before_av_hr  avia-builder-el-first '   itemprop=\"image\" itemscope=\"itemscope\" itemtype=\"https:\/\/schema.org\/ImageObject\" ><div class=\"avia-image-container-inner\"><div class=\"avia-image-overlay-wrap\"><a href=\"https:\/\/cclinic.sk\/klinika\/de\/unser-team\/dr-med-norbert-racz\/\" class='avia_image '  aria-label='MUDr. Norbert Racz_Concept Clinic, plasticka chirurgia_JZ2A2303b'><img decoding=\"async\" fetchpriority=\"high\" class='wp-image-10845 avia-img-lazy-loading-not-10845 avia_image ' src=\"https:\/\/i0.wp.com\/cclinic.sk\/klinika\/wp-content\/uploads\/2024\/04\/MUDr.-Norbert-Racz_Concept-Clinic-plasticka-chirurgia_JZ2A2303b.jpg?fit=200%2C300&ssl=1\" alt='Mudr. Norbert Racz_plasticky chirurg_Concept Clinic Bratislava' title='MUDr. Norbert Racz_Concept Clinic, plasticka chirurgia_JZ2A2303b'  height=\"300\" width=\"200\"  itemprop=\"thumbnailUrl\" srcset=\"https:\/\/i0.wp.com\/cclinic.sk\/klinika\/wp-content\/uploads\/2024\/04\/MUDr.-Norbert-Racz_Concept-Clinic-plasticka-chirurgia_JZ2A2303b.jpg?w=1280&amp;ssl=1 1280w, https:\/\/i0.wp.com\/cclinic.sk\/klinika\/wp-content\/uploads\/2024\/04\/MUDr.-Norbert-Racz_Concept-Clinic-plasticka-chirurgia_JZ2A2303b.jpg?resize=200%2C300&amp;ssl=1 200w, https:\/\/i0.wp.com\/cclinic.sk\/klinika\/wp-content\/uploads\/2024\/04\/MUDr.-Norbert-Racz_Concept-Clinic-plasticka-chirurgia_JZ2A2303b.jpg?resize=687%2C1030&amp;ssl=1 687w, https:\/\/i0.wp.com\/cclinic.sk\/klinika\/wp-content\/uploads\/2024\/04\/MUDr.-Norbert-Racz_Concept-Clinic-plasticka-chirurgia_JZ2A2303b.jpg?resize=768%2C1152&amp;ssl=1 768w, https:\/\/i0.wp.com\/cclinic.sk\/klinika\/wp-content\/uploads\/2024\/04\/MUDr.-Norbert-Racz_Concept-Clinic-plasticka-chirurgia_JZ2A2303b.jpg?resize=1024%2C1536&amp;ssl=1 1024w, https:\/\/i0.wp.com\/cclinic.sk\/klinika\/wp-content\/uploads\/2024\/04\/MUDr.-Norbert-Racz_Concept-Clinic-plasticka-chirurgia_JZ2A2303b.jpg?resize=1000%2C1500&amp;ssl=1 1000w, https:\/\/i0.wp.com\/cclinic.sk\/klinika\/wp-content\/uploads\/2024\/04\/MUDr.-Norbert-Racz_Concept-Clinic-plasticka-chirurgia_JZ2A2303b.jpg?resize=470%2C705&amp;ssl=1 470w\" sizes=\"(max-width: 200px) 100vw, 200px\" \/><\/a><\/div><\/div><\/div><br \/>\n\n<style type=\"text\/css\" data-created_by=\"avia_inline_auto\" id=\"style-css-av-482sh0-b59e1b0fb0057ba97e1874d2d5d20af2\">\n#top .hr.hr-invisible.av-482sh0-b59e1b0fb0057ba97e1874d2d5d20af2{\nheight:20px;\n}\n<\/style>\n<div  class='hr av-482sh0-b59e1b0fb0057ba97e1874d2d5d20af2 hr-invisible  avia-builder-el-16  el_after_av_image  el_before_av_textblock '><span class='hr-inner '><span class=\"hr-inner-style\"><\/span><\/span><\/div><br \/>\n<section  class='av_textblock_section av-351tro-3119bd75ccd129dd72b50094fc873ebf '   itemscope=\"itemscope\" itemtype=\"https:\/\/schema.org\/CreativeWork\" ><div class='avia_textblock'  itemprop=\"text\" ><h3 style=\"text-align: center;\">Dr. med. Norbert R\u00e1cz<\/h3>\n<p style=\"text-align: center;\"><em>Plastischer Chirurg<br \/>\n<\/em><\/p>\n<\/div><\/section><\/p><\/div>\n<style type=\"text\/css\" data-created_by=\"avia_inline_auto\" id=\"style-css-av-20zzwk-9f3ca6b186ce19cf9e7a892e592b9646\">\n#top .hr.hr-invisible.av-20zzwk-9f3ca6b186ce19cf9e7a892e592b9646{\nheight:50px;\n}\n<\/style>\n<div  class='hr av-20zzwk-9f3ca6b186ce19cf9e7a892e592b9646 hr-invisible  avia-builder-el-18  el_after_av_one_fifth  avia-builder-el-last '><span class='hr-inner '><span class=\"hr-inner-style\"><\/span><\/span><\/div>\n<\/div><\/div><\/div><!-- close content main div --><\/div><\/div><div id='after_section_3'  class='main_color av_default_container_wrap container_wrap sidebar_right'  ><div class='container av-section-cont-open' ><div class='template-page content  av-content-small alpha units'><div class='post-entry post-entry-type-page post-entry-1844'><div class='entry-content-wrapper clearfix'>\n","protected":false},"excerpt":{"rendered":"","protected":false},"author":1,"featured_media":0,"parent":0,"menu_order":0,"comment_status":"closed","ping_status":"closed","template":"","meta":{"_acf_changed":false,"footnotes":""},"acf":[],"jetpack_sharing_enabled":true,"_links":{"self":[{"href":"https:\/\/cclinic.sk\/klinika\/wp-json\/wp\/v2\/pages\/1844"}],"collection":[{"href":"https:\/\/cclinic.sk\/klinika\/wp-json\/wp\/v2\/pages"}],"about":[{"href":"https:\/\/cclinic.sk\/klinika\/wp-json\/wp\/v2\/types\/page"}],"author":[{"embeddable":true,"href":"https:\/\/cclinic.sk\/klinika\/wp-json\/wp\/v2\/users\/1"}],"replies":[{"embeddable":true,"href":"https:\/\/cclinic.sk\/klinika\/wp-json\/wp\/v2\/comments?post=1844"}],"version-history":[{"count":62,"href":"https:\/\/cclinic.sk\/klinika\/wp-json\/wp\/v2\/pages\/1844\/revisions"}],"predecessor-version":[{"id":11234,"href":"https:\/\/cclinic.sk\/klinika\/wp-json\/wp\/v2\/pages\/1844\/revisions\/11234"}],"wp:attachment":[{"href":"https:\/\/cclinic.sk\/klinika\/wp-json\/wp\/v2\/media?parent=1844"}],"curies":[{"name":"wp","href":"https:\/\/api.w.org\/{rel}","templated":true}]}}