{"id":2043,"date":"2018-06-26T22:04:01","date_gmt":"2018-06-26T20:04:01","guid":{"rendered":"https:\/\/cclinic.sk\/klinika\/?page_id=2043"},"modified":"2018-06-26T22:04:01","modified_gmt":"2018-06-26T20:04:01","slug":"lippenvergroserung-mit-eigenfett","status":"publish","type":"page","link":"https:\/\/cclinic.sk\/klinika\/de\/medical-vorsorge-und-heilung\/plastische-chirurgie\/lippenvergroserung-mit-eigenfett\/","title":{"rendered":"LIPPENVERGR\u00d6\u00dfERUNG MIT EIGENFETT"},"content":{"rendered":"\n<style type=\"text\/css\" data-created_by=\"avia_inline_auto\" id=\"style-css-av-av_section-fe72bf9b8a6e6761251a9b8d749201eb\">\n.avia-section.av-av_section-fe72bf9b8a6e6761251a9b8d749201eb{\nbackground-repeat:no-repeat;\nbackground-image:url(https:\/\/i0.wp.com\/cclinic.sk\/klinika\/wp-content\/uploads\/2018\/04\/plasticka-chirurgia-top.jpg?fit=1500%2C297&ssl=1);\nbackground-position:50% 50%;\nbackground-attachment:scroll;\n}\n.avia-section.av-av_section-fe72bf9b8a6e6761251a9b8d749201eb .av-section-color-overlay{\nopacity:0.5;\nbackground-color:#4d4d4d;\n}\n<\/style>\n<div id='hlavicka'  class='avia-section av-av_section-fe72bf9b8a6e6761251a9b8d749201eb alternate_color avia-section-large avia-no-shadow  avia-builder-el-0  el_before_av_one_fourth  avia-builder-el-first  avia-full-stretch avia-bg-style-scroll av-section-color-overlay-active container_wrap sidebar_right'  data-section-bg-repeat='stretch'><div class=\"av-section-color-overlay-wrap\"><div class=\"av-section-color-overlay\"><\/div><div class='container av-section-cont-open' ><main  role=\"main\" itemprop=\"mainContentOfPage\"  class='template-page content  av-content-small alpha units'><div class='post-entry post-entry-type-page post-entry-2043'><div class='entry-content-wrapper clearfix'>\n<section  class='av_textblock_section av-av_textblock-2de302bf1aa3cf4c9157dbe6f50ac7eb '   itemscope=\"itemscope\" itemtype=\"https:\/\/schema.org\/CreativeWork\" ><div class='avia_textblock'  itemprop=\"text\" ><h2 style=\"text-align: center;\">PLASTISCHE CHIRURGIE<\/h2>\n<\/div><\/section>\n<\/div><\/div><\/main><!-- close content main element --><\/div><\/div><\/div><div id='after_section_1'  class='main_color av_default_container_wrap container_wrap sidebar_right'  ><div class='container av-section-cont-open' ><div class='template-page content  av-content-small alpha units'><div class='post-entry post-entry-type-page post-entry-2043'><div class='entry-content-wrapper clearfix'>\n<style type=\"text\/css\" data-created_by=\"avia_inline_auto\" id=\"style-css-av-av_one_fourth-15d750bd1b332b34c6e70b077ebbccdf\">\n.flex_column.av-av_one_fourth-15d750bd1b332b34c6e70b077ebbccdf{\nborder-radius:0px 0px 0px 0px;\npadding:0px 0px 0px 0px;\n}\n<\/style>\n<div  class='flex_column av-av_one_fourth-15d750bd1b332b34c6e70b077ebbccdf av_one_fourth  avia-builder-el-2  el_after_av_section  el_before_av_three_fourth  avia-builder-el-first  first flex_column_div av-zero-column-padding  '     ><div  class='avia-builder-widget-area clearfix  avia-builder-el-3  avia-builder-el-no-sibling '><div id=\"nav_menu-69\" class=\"widget clearfix widget_nav_menu\"><h3 class=\"widgettitle\">GESICHT<\/h3><div class=\"menu-de-medical-plastika-tvar-container\"><ul id=\"menu-de-medical-plastika-tvar\" class=\"menu\"><li id=\"menu-item-2284\" class=\"menu-item menu-item-type-post_type menu-item-object-page menu-item-2284\"><a href=\"https:\/\/cclinic.sk\/klinika\/de\/medical-vorsorge-und-heilung\/plastische-chirurgie\/augenlid-operation-blepharoplastik\/\">AUGENLID-OPERATION \u2013 BLEPHAROPLASTIK<\/a><\/li>\n<li id=\"menu-item-2285\" class=\"menu-item menu-item-type-post_type menu-item-object-page menu-item-2285\"><a href=\"https:\/\/cclinic.sk\/klinika\/de\/medical-vorsorge-und-heilung\/plastische-chirurgie\/facelifting\/\">FACELIFTING<\/a><\/li>\n<li id=\"menu-item-2286\" class=\"menu-item menu-item-type-post_type menu-item-object-page menu-item-2286\"><a href=\"https:\/\/cclinic.sk\/klinika\/de\/medical-vorsorge-und-heilung\/plastische-chirurgie\/stirnlifting-foreheadliftaugenbrauenlifting-browlift\/\">STIRNLIFTING (FOREHEADLIFT),  AUGENBRAUENLIFTING (BROWLIFT)<\/a><\/li>\n<li id=\"menu-item-2287\" class=\"menu-item menu-item-type-post_type menu-item-object-page menu-item-2287\"><a href=\"https:\/\/cclinic.sk\/klinika\/de\/medical-vorsorge-und-heilung\/plastische-chirurgie\/halslift-neck-lift\/\">HALSLIFT (NECK LIFT)<\/a><\/li>\n<li id=\"menu-item-2288\" class=\"menu-item menu-item-type-post_type menu-item-object-page menu-item-2288\"><a href=\"https:\/\/cclinic.sk\/klinika\/de\/medical-vorsorge-und-heilung\/plastische-chirurgie\/nasenkorrektur-rhinoplastik\/\">NASENKORREKTUR (RHINOPLASTIK)<\/a><\/li>\n<li id=\"menu-item-2289\" class=\"menu-item menu-item-type-post_type menu-item-object-page menu-item-2289\"><a href=\"https:\/\/cclinic.sk\/klinika\/de\/medical-vorsorge-und-heilung\/plastische-chirurgie\/ohrenkorrektur-otoplastik\/\">OHRENKORREKTUR (OTOPLASTIK)<\/a><\/li>\n<li id=\"menu-item-2290\" class=\"menu-item menu-item-type-post_type menu-item-object-page menu-item-2290\"><a href=\"https:\/\/cclinic.sk\/klinika\/de\/medical-vorsorge-und-heilung\/plastische-chirurgie\/lippenvergroserung-mit-hilfe-von-perma-liptm-implantaten\/\">LIPPENVERGR\u00d6\u00dfERUNG MIT HILFE VON PERMA-LIP IMPLANTATEN<\/a><\/li>\n<li id=\"menu-item-2291\" class=\"menu-item menu-item-type-post_type menu-item-object-page menu-item-2291\"><a href=\"https:\/\/cclinic.sk\/klinika\/de\/medical-vorsorge-und-heilung\/plastische-chirurgie\/lippenvergroserung-mit-eigenfett\/\">LIPPENVERGR\u00d6\u00dfERUNG MIT EIGENFETT<\/a><\/li>\n<li id=\"menu-item-2292\" class=\"menu-item menu-item-type-post_type menu-item-object-page menu-item-2292\"><a href=\"https:\/\/cclinic.sk\/klinika\/de\/medical-vorsorge-und-heilung\/plastische-chirurgie\/lifting-der-oberlippe-lip-lift-subnasal-lift\/\">LIFTING DER OBERLIPPE (LIP LIFT, SUBNASAL LIFT)<\/a><\/li>\n<li id=\"menu-item-2294\" class=\"menu-item menu-item-type-post_type menu-item-object-page menu-item-2294\"><a href=\"https:\/\/cclinic.sk\/klinika\/de\/medical-vorsorge-und-heilung\/plastische-chirurgie\/liposuktion-am-doppelkinn\/\">LIPOSUKTION AM DOPPELKINN<\/a><\/li>\n<li id=\"menu-item-2295\" class=\"menu-item menu-item-type-post_type menu-item-object-page menu-item-2295\"><a href=\"https:\/\/cclinic.sk\/klinika\/de\/medical-vorsorge-und-heilung\/plastische-chirurgie\/auffullen-von-falten-mit-eigenfett\/\">AUFF\u00dcLLEN VON FALTEN MIT EIGENFETT<\/a><\/li>\n<\/ul><\/div><\/div><div id=\"nav_menu-78\" class=\"widget clearfix widget_nav_menu\"><h3 class=\"widgettitle\">BRUST<\/h3><div class=\"menu-de-medical-plastika-prsia-container\"><ul id=\"menu-de-medical-plastika-prsia\" class=\"menu\"><li id=\"menu-item-2299\" class=\"menu-item menu-item-type-post_type menu-item-object-page menu-item-2299\"><a href=\"https:\/\/cclinic.sk\/klinika\/de\/medical-vorsorge-und-heilung\/plastische-chirurgie\/brustvergroserung-brustaugmentation-mit-silikonimplantaten\/\">BRUSTVERGR\u00d6\u00dfERUNG (BRUSTAUGMENTATION) MIT SILIKONIMPLANTATEN<\/a><\/li>\n<li id=\"menu-item-2301\" class=\"menu-item menu-item-type-post_type menu-item-object-page menu-item-2301\"><a href=\"https:\/\/cclinic.sk\/klinika\/de\/medical-vorsorge-und-heilung\/plastische-chirurgie\/brustverkleinerung-mammareduktion\/\">BRUSTVERKLEINERUNG (MAMMAREDUKTION)<\/a><\/li>\n<li id=\"menu-item-2302\" class=\"menu-item menu-item-type-post_type menu-item-object-page menu-item-2302\"><a href=\"https:\/\/cclinic.sk\/klinika\/de\/medical-vorsorge-und-heilung\/plastische-chirurgie\/bruststraffung-mastopexie-breast-lift\/\">BRUSTSTRAFFUNG (MASTOPEXIE, BREAST LIFT)<\/a><\/li>\n<li id=\"menu-item-2305\" class=\"menu-item menu-item-type-post_type menu-item-object-page menu-item-2305\"><a href=\"https:\/\/cclinic.sk\/klinika\/de\/medical-vorsorge-und-heilung\/plastische-chirurgie\/brustwarzenhofverkleinerung\/\">BRUSTWARZENHOFVERKLEINERUNG<\/a><\/li>\n<li id=\"menu-item-2307\" class=\"menu-item menu-item-type-post_type menu-item-object-page menu-item-2307\"><a href=\"https:\/\/cclinic.sk\/klinika\/de\/medical-vorsorge-und-heilung\/plastische-chirurgie\/schlupfwarzen-korrektur\/\">SCHLUPFWARZEN KORREKTUR<\/a><\/li>\n<li id=\"menu-item-2308\" class=\"menu-item menu-item-type-post_type menu-item-object-page menu-item-2308\"><a href=\"https:\/\/cclinic.sk\/klinika\/de\/medical-vorsorge-und-heilung\/plastische-chirurgie\/plastische-operation-der-mannerbrust-gynakomastie-operation\/\">PLASTISCHE OPERATION DER M\u00c4NNERBRUST (GYN\u00c4KOMASTIE-OPERATION)<\/a><\/li>\n<\/ul><\/div><\/div><div id=\"nav_menu-79\" class=\"widget clearfix widget_nav_menu\"><h3 class=\"widgettitle\">K\u00d6RPER<\/h3><div class=\"menu-de-medical-plastika-telo-container\"><ul id=\"menu-de-medical-plastika-telo\" class=\"menu\"><li id=\"menu-item-2310\" class=\"menu-item menu-item-type-post_type menu-item-object-page menu-item-2310\"><a href=\"https:\/\/cclinic.sk\/klinika\/de\/medical-vorsorge-und-heilung\/plastische-chirurgie\/plastische-bauchoperation-abdominoplastik\/\">BAUCHSTRAFFUNG (ABDOMINOPLASTIK)<\/a><\/li>\n<li id=\"menu-item-2309\" class=\"menu-item menu-item-type-post_type menu-item-object-page menu-item-2309\"><a href=\"https:\/\/cclinic.sk\/klinika\/de\/medical-vorsorge-und-heilung\/plastische-chirurgie\/fettabsaugung-liposuktion\/\">FETTABSAUGUNG (LIPOSUKTION)<\/a><\/li>\n<li id=\"menu-item-5134\" class=\"cclinictop menu-item menu-item-type-post_type menu-item-object-page menu-item-5134\"><a href=\"https:\/\/cclinic.sk\/klinika\/de\/medical-vorsorge-und-heilung\/plastische-chirurgie\/haartransplantation\/\">HAARTRANSPLANTATION<\/a><\/li>\n<li id=\"menu-item-2318\" class=\"menu-item menu-item-type-post_type menu-item-object-page menu-item-2318\"><a href=\"https:\/\/cclinic.sk\/klinika\/de\/medical-vorsorge-und-heilung\/plastische-chirurgie\/asthetische-korrektur-der-handen-mit-eigenfett\/\">\u00c4STHETISCHE KORREKTUR DER H\u00c4NDEN MIT EIGENFETT<\/a><\/li>\n<li id=\"menu-item-2313\" class=\"menu-item menu-item-type-post_type menu-item-object-page menu-item-2313\"><a href=\"https:\/\/cclinic.sk\/klinika\/de\/medical-vorsorge-und-heilung\/plastische-chirurgie\/schamlippenverkleinerung-labioplastik\/\">SCHAMLIPPENVERKLEINERUNG (LABIOPLASTIK)<\/a><\/li>\n<\/ul><\/div><\/div><\/div><\/div>\n<style type=\"text\/css\" data-created_by=\"avia_inline_auto\" id=\"style-css-av-av_three_fourth-c8fc129dc35fd1ae2a1e410224d39ea8\">\n.flex_column.av-av_three_fourth-c8fc129dc35fd1ae2a1e410224d39ea8{\nborder-radius:0px 0px 0px 0px;\npadding:0px 0px 0px 0px;\n}\n<\/style>\n<div  class='flex_column av-av_three_fourth-c8fc129dc35fd1ae2a1e410224d39ea8 av_three_fourth  avia-builder-el-4  el_after_av_one_fourth  avia-builder-el-last  flex_column_div av-zero-column-padding  '     ><section  class='av_textblock_section av-av_textblock-2de302bf1aa3cf4c9157dbe6f50ac7eb '   itemscope=\"itemscope\" itemtype=\"https:\/\/schema.org\/CreativeWork\" ><div class='avia_textblock'  itemprop=\"text\" ><h1 class=\"p1\"><span class=\"s1\">LIPPENVERGR\u00d6\u00dfERUNG MIT EIGENFETT<\/span><\/h1>\n<p class=\"p3\"><span class=\"s1\"><img decoding=\"async\" class=\"alignnone size-full wp-image-650\" src=\"https:\/\/i0.wp.com\/cclinic.sk\/klinika\/wp-content\/uploads\/2018\/04\/pery_implantaty_vlastnytuk_lifting.jpg?resize=960%2C385\" alt=\"\" width=\"960\" height=\"385\" srcset=\"https:\/\/i0.wp.com\/cclinic.sk\/klinika\/wp-content\/uploads\/2018\/04\/pery_implantaty_vlastnytuk_lifting.jpg?w=960&amp;ssl=1 960w, https:\/\/i0.wp.com\/cclinic.sk\/klinika\/wp-content\/uploads\/2018\/04\/pery_implantaty_vlastnytuk_lifting.jpg?resize=300%2C120&amp;ssl=1 300w, https:\/\/i0.wp.com\/cclinic.sk\/klinika\/wp-content\/uploads\/2018\/04\/pery_implantaty_vlastnytuk_lifting.jpg?resize=768%2C308&amp;ssl=1 768w, https:\/\/i0.wp.com\/cclinic.sk\/klinika\/wp-content\/uploads\/2018\/04\/pery_implantaty_vlastnytuk_lifting.jpg?resize=705%2C283&amp;ssl=1 705w, https:\/\/i0.wp.com\/cclinic.sk\/klinika\/wp-content\/uploads\/2018\/04\/pery_implantaty_vlastnytuk_lifting.jpg?resize=450%2C180&amp;ssl=1 450w\" sizes=\"(max-width: 960px) 100vw, 960px\" data-recalc-dims=\"1\" \/><\/span><\/p>\n<p class=\"p3\"><span class=\"s1\">Die Eigenfett-Transplantation (Lipotransfer, Lipografting, Fatgrafting, Lipofilling) stellt eine plastische Operation dar, die zur Auff\u00fcllung des Lippenvolumens verwendet wird. Bei der Operation wird ein wenig Fett (am h\u00e4ufigsten vom Magen- und Oberschenkelgegend) in die Spritze entnommen, es wird anschlie\u00dfend sorgsam gereinigt und speziell aufbereitet (purifiziert) bevor es wieder in die gew\u00fcnschten Areale der Lippen mittels kleinen Einstichen mit Hilfe von engen Kan\u00fcle transplantiert\/eingespritzt wird. Dadurch erreicht man Auff\u00fcllung von den Lippen ohne sichtbare Narben. Teil vom transplantierten Fettgewebe wird immer resorbiert, deswegen ist es zur Erreichung eines zufriedenstellenden Resultats oft notwendig, die Operation zu wiederholen.<\/span><\/p>\n<h2 class=\"p3\"><span class=\"s2\">BASISINFORMATIONEN<\/span><\/h2>\n<ul>\n<li>Der Eingriff wird gel\u00e4ufig unter Lokalan\u00e4sthesie durchgef\u00fchrt, es ist aber auch m\u00f6glich sich diesem im D\u00e4mmerschlaf,\u00a0 beziehungsweise in der Allgemeinan\u00e4sthesie zu unterziehen<\/li>\n<li>Die Dauer der Operation betr\u00e4gt 40 \u00a0Minuten<\/li>\n<li>Die Resorption von Schwellungen und eventuellen\u00a0Bluterg\u00fcssen betr\u00e4gt 7-10 Tage<\/li>\n<li>Nach dem Eingriff \u00a0ist die behandelte Region vor starken W\u00e4rme (Sonne, Sauna\u00a0 und Solarium) und K\u00e4lte f\u00fcr 2 Wochen zu sch\u00fctzen.<\/li>\n<li>Zur Fettbearbeitung verwenden wir das renommierte Purifikationssystem Puregraft, das \u00fcber die FDA a\u00a0CE Zulassung verf\u00fcgt<\/li>\n<\/ul>\n<\/div><\/section><\/div><\/p>\n","protected":false},"excerpt":{"rendered":"","protected":false},"author":1,"featured_media":0,"parent":1991,"menu_order":0,"comment_status":"closed","ping_status":"closed","template":"","meta":{"_acf_changed":false,"footnotes":""},"acf":[],"jetpack_sharing_enabled":true,"_links":{"self":[{"href":"https:\/\/cclinic.sk\/klinika\/wp-json\/wp\/v2\/pages\/2043"}],"collection":[{"href":"https:\/\/cclinic.sk\/klinika\/wp-json\/wp\/v2\/pages"}],"about":[{"href":"https:\/\/cclinic.sk\/klinika\/wp-json\/wp\/v2\/types\/page"}],"author":[{"embeddable":true,"href":"https:\/\/cclinic.sk\/klinika\/wp-json\/wp\/v2\/users\/1"}],"replies":[{"embeddable":true,"href":"https:\/\/cclinic.sk\/klinika\/wp-json\/wp\/v2\/comments?post=2043"}],"version-history":[{"count":2,"href":"https:\/\/cclinic.sk\/klinika\/wp-json\/wp\/v2\/pages\/2043\/revisions"}],"predecessor-version":[{"id":2045,"href":"https:\/\/cclinic.sk\/klinika\/wp-json\/wp\/v2\/pages\/2043\/revisions\/2045"}],"up":[{"embeddable":true,"href":"https:\/\/cclinic.sk\/klinika\/wp-json\/wp\/v2\/pages\/1991"}],"wp:attachment":[{"href":"https:\/\/cclinic.sk\/klinika\/wp-json\/wp\/v2\/media?parent=2043"}],"curies":[{"name":"wp","href":"https:\/\/api.w.org\/{rel}","templated":true}]}}