{"id":2083,"date":"2018-06-26T23:10:54","date_gmt":"2018-06-26T21:10:54","guid":{"rendered":"https:\/\/cclinic.sk\/klinika\/?page_id=2083"},"modified":"2018-06-26T23:10:54","modified_gmt":"2018-06-26T21:10:54","slug":"plastische-operation-der-mannerbrust-gynakomastie-operation","status":"publish","type":"page","link":"https:\/\/cclinic.sk\/klinika\/de\/medical-vorsorge-und-heilung\/plastische-chirurgie\/plastische-operation-der-mannerbrust-gynakomastie-operation\/","title":{"rendered":"PLASTISCHE OPERATION DER M\u00c4NNERBRUST (GYN\u00c4KOMASTIE-OPERATION)"},"content":{"rendered":"\n<style type=\"text\/css\" data-created_by=\"avia_inline_auto\" id=\"style-css-av-av_section-fe72bf9b8a6e6761251a9b8d749201eb\">\n.avia-section.av-av_section-fe72bf9b8a6e6761251a9b8d749201eb{\nbackground-repeat:no-repeat;\nbackground-image:url(https:\/\/i0.wp.com\/cclinic.sk\/klinika\/wp-content\/uploads\/2018\/04\/plasticka-chirurgia-top.jpg?fit=1500%2C297&ssl=1);\nbackground-position:50% 50%;\nbackground-attachment:scroll;\n}\n.avia-section.av-av_section-fe72bf9b8a6e6761251a9b8d749201eb .av-section-color-overlay{\nopacity:0.5;\nbackground-color:#4d4d4d;\n}\n<\/style>\n<div id='hlavicka'  class='avia-section av-av_section-fe72bf9b8a6e6761251a9b8d749201eb alternate_color avia-section-large avia-no-shadow  avia-builder-el-0  el_before_av_one_fourth  avia-builder-el-first  avia-full-stretch avia-bg-style-scroll av-section-color-overlay-active container_wrap sidebar_right'  data-section-bg-repeat='stretch'><div class=\"av-section-color-overlay-wrap\"><div class=\"av-section-color-overlay\"><\/div><div class='container av-section-cont-open' ><main  role=\"main\" itemprop=\"mainContentOfPage\"  class='template-page content  av-content-small alpha units'><div class='post-entry post-entry-type-page post-entry-2083'><div class='entry-content-wrapper clearfix'>\n<section  class='av_textblock_section av-av_textblock-2de302bf1aa3cf4c9157dbe6f50ac7eb '   itemscope=\"itemscope\" itemtype=\"https:\/\/schema.org\/CreativeWork\" ><div class='avia_textblock'  itemprop=\"text\" ><h2 style=\"text-align: center;\">PLASTISCHE CHIRURGIE<\/h2>\n<\/div><\/section>\n<\/div><\/div><\/main><!-- close content main element --><\/div><\/div><\/div><div id='after_section_1'  class='main_color av_default_container_wrap container_wrap sidebar_right'  ><div class='container av-section-cont-open' ><div class='template-page content  av-content-small alpha units'><div class='post-entry post-entry-type-page post-entry-2083'><div class='entry-content-wrapper clearfix'>\n<style type=\"text\/css\" data-created_by=\"avia_inline_auto\" id=\"style-css-av-av_one_fourth-15d750bd1b332b34c6e70b077ebbccdf\">\n.flex_column.av-av_one_fourth-15d750bd1b332b34c6e70b077ebbccdf{\nborder-radius:0px 0px 0px 0px;\npadding:0px 0px 0px 0px;\n}\n<\/style>\n<div  class='flex_column av-av_one_fourth-15d750bd1b332b34c6e70b077ebbccdf av_one_fourth  avia-builder-el-2  el_after_av_section  el_before_av_three_fourth  avia-builder-el-first  first flex_column_div av-zero-column-padding  '     ><div  class='avia-builder-widget-area clearfix  avia-builder-el-3  avia-builder-el-no-sibling '><div id=\"nav_menu-68\" class=\"widget clearfix widget_nav_menu\"><h3 class=\"widgettitle\">BRUST<\/h3><div class=\"menu-de-medical-plastika-prsia-container\"><ul id=\"menu-de-medical-plastika-prsia\" class=\"menu\"><li id=\"menu-item-2299\" class=\"menu-item menu-item-type-post_type menu-item-object-page menu-item-2299\"><a href=\"https:\/\/cclinic.sk\/klinika\/de\/medical-vorsorge-und-heilung\/plastische-chirurgie\/brustvergroserung-brustaugmentation-mit-silikonimplantaten\/\">BRUSTVERGR\u00d6\u00dfERUNG (BRUSTAUGMENTATION) MIT SILIKONIMPLANTATEN<\/a><\/li>\n<li id=\"menu-item-2301\" class=\"menu-item menu-item-type-post_type menu-item-object-page menu-item-2301\"><a href=\"https:\/\/cclinic.sk\/klinika\/de\/medical-vorsorge-und-heilung\/plastische-chirurgie\/brustverkleinerung-mammareduktion\/\">BRUSTVERKLEINERUNG (MAMMAREDUKTION)<\/a><\/li>\n<li id=\"menu-item-2302\" class=\"menu-item menu-item-type-post_type menu-item-object-page menu-item-2302\"><a href=\"https:\/\/cclinic.sk\/klinika\/de\/medical-vorsorge-und-heilung\/plastische-chirurgie\/bruststraffung-mastopexie-breast-lift\/\">BRUSTSTRAFFUNG (MASTOPEXIE, BREAST LIFT)<\/a><\/li>\n<li id=\"menu-item-2305\" class=\"menu-item menu-item-type-post_type menu-item-object-page menu-item-2305\"><a href=\"https:\/\/cclinic.sk\/klinika\/de\/medical-vorsorge-und-heilung\/plastische-chirurgie\/brustwarzenhofverkleinerung\/\">BRUSTWARZENHOFVERKLEINERUNG<\/a><\/li>\n<li id=\"menu-item-2307\" class=\"menu-item menu-item-type-post_type menu-item-object-page menu-item-2307\"><a href=\"https:\/\/cclinic.sk\/klinika\/de\/medical-vorsorge-und-heilung\/plastische-chirurgie\/schlupfwarzen-korrektur\/\">SCHLUPFWARZEN KORREKTUR<\/a><\/li>\n<li id=\"menu-item-2308\" class=\"menu-item menu-item-type-post_type menu-item-object-page menu-item-2308\"><a href=\"https:\/\/cclinic.sk\/klinika\/de\/medical-vorsorge-und-heilung\/plastische-chirurgie\/plastische-operation-der-mannerbrust-gynakomastie-operation\/\">PLASTISCHE OPERATION DER M\u00c4NNERBRUST (GYN\u00c4KOMASTIE-OPERATION)<\/a><\/li>\n<\/ul><\/div><\/div><div id=\"nav_menu-80\" class=\"widget clearfix widget_nav_menu\"><h3 class=\"widgettitle\">GESICHT<\/h3><div class=\"menu-de-medical-plastika-tvar-container\"><ul id=\"menu-de-medical-plastika-tvar\" class=\"menu\"><li id=\"menu-item-2284\" class=\"menu-item menu-item-type-post_type menu-item-object-page menu-item-2284\"><a href=\"https:\/\/cclinic.sk\/klinika\/de\/medical-vorsorge-und-heilung\/plastische-chirurgie\/augenlid-operation-blepharoplastik\/\">AUGENLID-OPERATION \u2013 BLEPHAROPLASTIK<\/a><\/li>\n<li id=\"menu-item-2285\" class=\"menu-item menu-item-type-post_type menu-item-object-page menu-item-2285\"><a href=\"https:\/\/cclinic.sk\/klinika\/de\/medical-vorsorge-und-heilung\/plastische-chirurgie\/facelifting\/\">FACELIFTING<\/a><\/li>\n<li id=\"menu-item-2286\" class=\"menu-item menu-item-type-post_type menu-item-object-page menu-item-2286\"><a href=\"https:\/\/cclinic.sk\/klinika\/de\/medical-vorsorge-und-heilung\/plastische-chirurgie\/stirnlifting-foreheadliftaugenbrauenlifting-browlift\/\">STIRNLIFTING (FOREHEADLIFT),  AUGENBRAUENLIFTING (BROWLIFT)<\/a><\/li>\n<li id=\"menu-item-2287\" class=\"menu-item menu-item-type-post_type menu-item-object-page menu-item-2287\"><a href=\"https:\/\/cclinic.sk\/klinika\/de\/medical-vorsorge-und-heilung\/plastische-chirurgie\/halslift-neck-lift\/\">HALSLIFT (NECK LIFT)<\/a><\/li>\n<li id=\"menu-item-2288\" class=\"menu-item menu-item-type-post_type menu-item-object-page menu-item-2288\"><a href=\"https:\/\/cclinic.sk\/klinika\/de\/medical-vorsorge-und-heilung\/plastische-chirurgie\/nasenkorrektur-rhinoplastik\/\">NASENKORREKTUR (RHINOPLASTIK)<\/a><\/li>\n<li id=\"menu-item-2289\" class=\"menu-item menu-item-type-post_type menu-item-object-page menu-item-2289\"><a href=\"https:\/\/cclinic.sk\/klinika\/de\/medical-vorsorge-und-heilung\/plastische-chirurgie\/ohrenkorrektur-otoplastik\/\">OHRENKORREKTUR (OTOPLASTIK)<\/a><\/li>\n<li id=\"menu-item-2290\" class=\"menu-item menu-item-type-post_type menu-item-object-page menu-item-2290\"><a href=\"https:\/\/cclinic.sk\/klinika\/de\/medical-vorsorge-und-heilung\/plastische-chirurgie\/lippenvergroserung-mit-hilfe-von-perma-liptm-implantaten\/\">LIPPENVERGR\u00d6\u00dfERUNG MIT HILFE VON PERMA-LIP IMPLANTATEN<\/a><\/li>\n<li id=\"menu-item-2291\" class=\"menu-item menu-item-type-post_type menu-item-object-page menu-item-2291\"><a href=\"https:\/\/cclinic.sk\/klinika\/de\/medical-vorsorge-und-heilung\/plastische-chirurgie\/lippenvergroserung-mit-eigenfett\/\">LIPPENVERGR\u00d6\u00dfERUNG MIT EIGENFETT<\/a><\/li>\n<li id=\"menu-item-2292\" class=\"menu-item menu-item-type-post_type menu-item-object-page menu-item-2292\"><a href=\"https:\/\/cclinic.sk\/klinika\/de\/medical-vorsorge-und-heilung\/plastische-chirurgie\/lifting-der-oberlippe-lip-lift-subnasal-lift\/\">LIFTING DER OBERLIPPE (LIP LIFT, SUBNASAL LIFT)<\/a><\/li>\n<li id=\"menu-item-2294\" class=\"menu-item menu-item-type-post_type menu-item-object-page menu-item-2294\"><a href=\"https:\/\/cclinic.sk\/klinika\/de\/medical-vorsorge-und-heilung\/plastische-chirurgie\/liposuktion-am-doppelkinn\/\">LIPOSUKTION AM DOPPELKINN<\/a><\/li>\n<li id=\"menu-item-2295\" class=\"menu-item menu-item-type-post_type menu-item-object-page menu-item-2295\"><a href=\"https:\/\/cclinic.sk\/klinika\/de\/medical-vorsorge-und-heilung\/plastische-chirurgie\/auffullen-von-falten-mit-eigenfett\/\">AUFF\u00dcLLEN VON FALTEN MIT EIGENFETT<\/a><\/li>\n<\/ul><\/div><\/div><div id=\"nav_menu-82\" class=\"widget clearfix widget_nav_menu\"><h3 class=\"widgettitle\">K\u00d6RPER<\/h3><div class=\"menu-de-medical-plastika-telo-container\"><ul id=\"menu-de-medical-plastika-telo\" class=\"menu\"><li id=\"menu-item-2310\" class=\"menu-item menu-item-type-post_type menu-item-object-page menu-item-2310\"><a href=\"https:\/\/cclinic.sk\/klinika\/de\/medical-vorsorge-und-heilung\/plastische-chirurgie\/plastische-bauchoperation-abdominoplastik\/\">BAUCHSTRAFFUNG (ABDOMINOPLASTIK)<\/a><\/li>\n<li id=\"menu-item-2309\" class=\"menu-item menu-item-type-post_type menu-item-object-page menu-item-2309\"><a href=\"https:\/\/cclinic.sk\/klinika\/de\/medical-vorsorge-und-heilung\/plastische-chirurgie\/fettabsaugung-liposuktion\/\">FETTABSAUGUNG (LIPOSUKTION)<\/a><\/li>\n<li id=\"menu-item-5134\" class=\"cclinictop menu-item menu-item-type-post_type menu-item-object-page menu-item-5134\"><a href=\"https:\/\/cclinic.sk\/klinika\/de\/medical-vorsorge-und-heilung\/plastische-chirurgie\/haartransplantation\/\">HAARTRANSPLANTATION<\/a><\/li>\n<li id=\"menu-item-2318\" class=\"menu-item menu-item-type-post_type menu-item-object-page menu-item-2318\"><a href=\"https:\/\/cclinic.sk\/klinika\/de\/medical-vorsorge-und-heilung\/plastische-chirurgie\/asthetische-korrektur-der-handen-mit-eigenfett\/\">\u00c4STHETISCHE KORREKTUR DER H\u00c4NDEN MIT EIGENFETT<\/a><\/li>\n<li id=\"menu-item-2313\" class=\"menu-item menu-item-type-post_type menu-item-object-page menu-item-2313\"><a href=\"https:\/\/cclinic.sk\/klinika\/de\/medical-vorsorge-und-heilung\/plastische-chirurgie\/schamlippenverkleinerung-labioplastik\/\">SCHAMLIPPENVERKLEINERUNG (LABIOPLASTIK)<\/a><\/li>\n<\/ul><\/div><\/div><\/div><\/div>\n<style type=\"text\/css\" data-created_by=\"avia_inline_auto\" id=\"style-css-av-av_three_fourth-c8fc129dc35fd1ae2a1e410224d39ea8\">\n.flex_column.av-av_three_fourth-c8fc129dc35fd1ae2a1e410224d39ea8{\nborder-radius:0px 0px 0px 0px;\npadding:0px 0px 0px 0px;\n}\n<\/style>\n<div  class='flex_column av-av_three_fourth-c8fc129dc35fd1ae2a1e410224d39ea8 av_three_fourth  avia-builder-el-4  el_after_av_one_fourth  avia-builder-el-last  flex_column_div av-zero-column-padding  '     ><section  class='av_textblock_section av-av_textblock-2de302bf1aa3cf4c9157dbe6f50ac7eb '   itemscope=\"itemscope\" itemtype=\"https:\/\/schema.org\/CreativeWork\" ><div class='avia_textblock'  itemprop=\"text\" ><h1 class=\"p1\"><span class=\"s1\">PLASTISCHE OPERATION DER M\u00c4NNERBRUST<br \/>\n(GYN\u00c4KOMASTIE-OPERATION)<\/span><\/h1>\n<p class=\"p3\"><span class=\"s1\"><img decoding=\"async\" class=\"alignnone size-full wp-image-950\" src=\"https:\/\/i0.wp.com\/cclinic.sk\/klinika\/wp-content\/uploads\/2018\/05\/muzske_zakroky.jpg?resize=960%2C385\" alt=\"\" width=\"960\" height=\"385\" srcset=\"https:\/\/i0.wp.com\/cclinic.sk\/klinika\/wp-content\/uploads\/2018\/05\/muzske_zakroky.jpg?w=960&amp;ssl=1 960w, https:\/\/i0.wp.com\/cclinic.sk\/klinika\/wp-content\/uploads\/2018\/05\/muzske_zakroky.jpg?resize=300%2C120&amp;ssl=1 300w, https:\/\/i0.wp.com\/cclinic.sk\/klinika\/wp-content\/uploads\/2018\/05\/muzske_zakroky.jpg?resize=768%2C308&amp;ssl=1 768w, https:\/\/i0.wp.com\/cclinic.sk\/klinika\/wp-content\/uploads\/2018\/05\/muzske_zakroky.jpg?resize=705%2C283&amp;ssl=1 705w, https:\/\/i0.wp.com\/cclinic.sk\/klinika\/wp-content\/uploads\/2018\/05\/muzske_zakroky.jpg?resize=450%2C180&amp;ssl=1 450w\" sizes=\"(max-width: 960px) 100vw, 960px\" data-recalc-dims=\"1\" \/><\/span><\/p>\n<p class=\"p3\"><span class=\"s1\">Gyn\u00e4komastie ist gutm\u00e4\u00dfige Schwellung\/Vergr\u00f6\u00dferung der Brustdr\u00fcse beim Mann (selten nur bei einer Brust), die als Folge vom Mangel an m\u00e4nnlichen Hormonen, eventuell als Folge von Einnahme von anabolischen Steroiden ist. In bestimmten Lebenszeitabschnitten (bei den Neugeborenen, in der Pubert\u00e4t oder im h\u00f6heren Alter) kann diese Schwellung physiologisch bedingt sein. Die plastische Operation der m\u00e4nnlichen Brust geschieht meist durch einen diskreten kleinen Schnitt am unteren Rand des Brustwarzenhofes (Areola). Bei gro\u00dfen M\u00e4nnerbrust ist es notwendig au\u00dfer des \u00dcberschusses am Dr\u00fcsengewebe eventuell auch die \u00fcbersch\u00fcssige Haut zu entfernen und den Brustwarzenhof anzuheben.<\/span><\/p>\n<h2 class=\"p3\"><span class=\"s2\">BASISINFORMATIONEN<\/span><\/h2>\n<ul>\n<li>Eingriff erfolgt in der Allgemeinan\u00e4sthesie<\/li>\n<li>Dauer vom Eingriff 1-2 Stunden<\/li>\n<li>Die N\u00e4hte sind resorbierbar und m\u00fcssen daher nicht entfernt werden<\/li>\n<li>Postoperatives Ruheregime f\u00fcr 1 Woche, physische Belastung kann in 4 Wochen nach der Operation wieder voll aufgenommen werden<\/li>\n<li>Elastische Kompressionsveste f\u00fcr 4 Wochen<\/li>\n<li>Zur Erreichung eines besseren \u00e4sthetischen Resultates wird die Gyn\u00e4komastie oft mit der Liposuktion der Brust kombiniert<\/li>\n<\/ul>\n<\/div><\/section><\/div><\/p>\n","protected":false},"excerpt":{"rendered":"","protected":false},"author":1,"featured_media":0,"parent":1991,"menu_order":0,"comment_status":"closed","ping_status":"closed","template":"","meta":{"_acf_changed":false,"footnotes":""},"acf":[],"jetpack_sharing_enabled":true,"_links":{"self":[{"href":"https:\/\/cclinic.sk\/klinika\/wp-json\/wp\/v2\/pages\/2083"}],"collection":[{"href":"https:\/\/cclinic.sk\/klinika\/wp-json\/wp\/v2\/pages"}],"about":[{"href":"https:\/\/cclinic.sk\/klinika\/wp-json\/wp\/v2\/types\/page"}],"author":[{"embeddable":true,"href":"https:\/\/cclinic.sk\/klinika\/wp-json\/wp\/v2\/users\/1"}],"replies":[{"embeddable":true,"href":"https:\/\/cclinic.sk\/klinika\/wp-json\/wp\/v2\/comments?post=2083"}],"version-history":[{"count":2,"href":"https:\/\/cclinic.sk\/klinika\/wp-json\/wp\/v2\/pages\/2083\/revisions"}],"predecessor-version":[{"id":2107,"href":"https:\/\/cclinic.sk\/klinika\/wp-json\/wp\/v2\/pages\/2083\/revisions\/2107"}],"up":[{"embeddable":true,"href":"https:\/\/cclinic.sk\/klinika\/wp-json\/wp\/v2\/pages\/1991"}],"wp:attachment":[{"href":"https:\/\/cclinic.sk\/klinika\/wp-json\/wp\/v2\/media?parent=2083"}],"curies":[{"name":"wp","href":"https:\/\/api.w.org\/{rel}","templated":true}]}}