{"id":2160,"date":"2018-06-27T12:24:12","date_gmt":"2018-06-27T10:24:12","guid":{"rendered":"https:\/\/cclinic.sk\/klinika\/?page_id=2160"},"modified":"2019-01-11T17:37:14","modified_gmt":"2019-01-11T16:37:14","slug":"radiofrequenz-needling-mit-gerat-ellisys","status":"publish","type":"page","link":"https:\/\/cclinic.sk\/klinika\/de\/medical-vorsorge-und-heilung\/aesthetische-dermatologie\/radiofrequenz-needling-mit-gerat-ellisys\/","title":{"rendered":"Radiofrequenz Needling mit Ger\u00e4t ELLISYS"},"content":{"rendered":"\n<style type=\"text\/css\" data-created_by=\"avia_inline_auto\" id=\"style-css-av-av_section-f0bb0e21b61fa17eae815514aa20f237\">\n.avia-section.av-av_section-f0bb0e21b61fa17eae815514aa20f237{\nbackground-repeat:no-repeat;\nbackground-image:url(https:\/\/i0.wp.com\/cclinic.sk\/klinika\/wp-content\/uploads\/2018\/11\/esteticka_derma_1920x288px.jpg?fit=1920%2C288&ssl=1);\nbackground-position:50% 50%;\nbackground-attachment:scroll;\n}\n<\/style>\n<div id='hlavicka'  class='avia-section av-av_section-f0bb0e21b61fa17eae815514aa20f237 alternate_color avia-section-large avia-no-shadow  avia-builder-el-0  el_before_av_one_fourth  avia-builder-el-first  avia-full-stretch avia-bg-style-scroll container_wrap sidebar_right'  data-section-bg-repeat='stretch'><div class='container av-section-cont-open' ><main  role=\"main\" itemprop=\"mainContentOfPage\"  class='template-page content  av-content-small alpha units'><div class='post-entry post-entry-type-page post-entry-2160'><div class='entry-content-wrapper clearfix'>\n<section  class='av_textblock_section av-av_textblock-2de302bf1aa3cf4c9157dbe6f50ac7eb '   itemscope=\"itemscope\" itemtype=\"https:\/\/schema.org\/CreativeWork\" ><div class='avia_textblock'  itemprop=\"text\" ><h2 style=\"text-align: center;\">\u00c4STHETISCHE DERMATOLOGIE<\/h2>\n<\/div><\/section>\n<\/div><\/div><\/main><!-- close content main element --><\/div><\/div><div id='after_section_1'  class='main_color av_default_container_wrap container_wrap sidebar_right'  ><div class='container av-section-cont-open' ><div class='template-page content  av-content-small alpha units'><div class='post-entry post-entry-type-page post-entry-2160'><div class='entry-content-wrapper clearfix'>\n\n<style type=\"text\/css\" data-created_by=\"avia_inline_auto\" id=\"style-css-av-av_one_fourth-15d750bd1b332b34c6e70b077ebbccdf\">\n.flex_column.av-av_one_fourth-15d750bd1b332b34c6e70b077ebbccdf{\nborder-radius:0px 0px 0px 0px;\npadding:0px 0px 0px 0px;\n}\n<\/style>\n<div  class='flex_column av-av_one_fourth-15d750bd1b332b34c6e70b077ebbccdf av_one_fourth  avia-builder-el-2  el_after_av_section  el_before_av_three_fourth  avia-builder-el-first  first flex_column_div av-zero-column-padding  '     ><div  class='avia-builder-widget-area clearfix  avia-builder-el-3  avia-builder-el-no-sibling '><div id=\"nav_menu-65\" class=\"widget clearfix widget_nav_menu\"><h3 class=\"widgettitle\">GESICHT UND HALS<\/h3><div class=\"menu-de-medical-derma-tvar-container\"><ul id=\"menu-de-medical-derma-tvar\" class=\"menu\"><li id=\"menu-item-10092\" class=\"menu-item menu-item-type-post_type menu-item-object-page menu-item-10092\"><a href=\"https:\/\/cclinic.sk\/klinika\/de\/medical-vorsorge-und-heilung\/aesthetische-dermatologie\/radiesse-volumenlifting-und-konturierung\/\">RADIESSE \u2013 VOLUMENLIFTING UND KONTURIERUNG<\/a><\/li>\n<li id=\"menu-item-9704\" class=\"menu-item menu-item-type-post_type menu-item-object-page menu-item-9704\"><a href=\"https:\/\/cclinic.sk\/klinika\/de\/medical-vorsorge-und-heilung\/aesthetische-dermatologie\/profhilo-bio-remodeling-sofortiges-lifting-und-hydratisierung-der-haut\/\">PROFHILO\u00ae \u2013 BIO-REMODELING \u2013 SOFORTIGES LIFTING UND HYDRATISIERUNG DER HAUT<\/a><\/li>\n<li id=\"menu-item-2321\" class=\"menu-item menu-item-type-post_type menu-item-object-page menu-item-2321\"><a href=\"https:\/\/cclinic.sk\/klinika\/de\/medical-vorsorge-und-heilung\/aesthetische-dermatologie\/skinbooster-tiefenhydration-und-hautstraffung-mit-vernetzter-hyaluronsaure\/\">Skinbooster \u2013 Tiefenhydration und Hautstraffung mit vernetzter Hyalurons\u00e4ure<\/a><\/li>\n<li id=\"menu-item-2322\" class=\"menu-item menu-item-type-post_type menu-item-object-page menu-item-2322\"><a href=\"https:\/\/cclinic.sk\/klinika\/de\/medical-vorsorge-und-heilung\/aesthetische-dermatologie\/plasmatherapie-draculatherapie-eigenblutbehandlung-vampirlift\/\">Plasmatherapie \u2013 Draculatherapie \/ Eigenblutbehandlung \u201eVampirlift\u201c<\/a><\/li>\n<li id=\"menu-item-2323\" class=\"menu-item menu-item-type-post_type menu-item-object-page menu-item-2323\"><a href=\"https:\/\/cclinic.sk\/klinika\/de\/medical-vorsorge-und-heilung\/aesthetische-dermatologie\/mesotherapie-mesolift\/\">Mesotherapie \/ Mesolift<\/a><\/li>\n<li id=\"menu-item-2324\" class=\"menu-item menu-item-type-post_type menu-item-object-page menu-item-2324\"><a href=\"https:\/\/cclinic.sk\/klinika\/de\/medical-vorsorge-und-heilung\/aesthetische-dermatologie\/mesobotox-kombiniert-mesotherapie-und-botox\/\">Mesobotox \u2013 kombiniert  Mesotherapie und Botox<\/a><\/li>\n<li id=\"menu-item-2325\" class=\"menu-item menu-item-type-post_type menu-item-object-page menu-item-2325\"><a href=\"https:\/\/cclinic.sk\/klinika\/de\/medical-vorsorge-und-heilung\/aesthetische-dermatologie\/radiofrequenz-needling-mit-gerat-ellisys\/\">Radiofrequenz Needling mit Ger\u00e4t ELLISYS<\/a><\/li>\n<li id=\"menu-item-2326\" class=\"menu-item menu-item-type-post_type menu-item-object-page menu-item-2326\"><a href=\"https:\/\/cclinic.sk\/klinika\/de\/medical-vorsorge-und-heilung\/aesthetische-dermatologie\/faltenbehandlung-hyaluronsaure\/\">Faltenbehandlung \u2013 Hyalurons\u00e4ure<\/a><\/li>\n<li id=\"menu-item-2327\" class=\"menu-item menu-item-type-post_type menu-item-object-page menu-item-2327\"><a href=\"https:\/\/cclinic.sk\/klinika\/de\/medical-vorsorge-und-heilung\/aesthetische-dermatologie\/korrektur-der-lippen-und-des-perioralen-bereiches-mit-hyaluronsaure\/\">Korrektur der Lippen und des perioralen Bereiches mit Hyalurons\u00e4ure<\/a><\/li>\n<li id=\"menu-item-2328\" class=\"menu-item menu-item-type-post_type menu-item-object-page menu-item-2328\"><a href=\"https:\/\/cclinic.sk\/klinika\/de\/medical-vorsorge-und-heilung\/aesthetische-dermatologie\/straffen-der-gesichtskonturen-face-contouring-mit-hyaluronsaure\/\">Straffen der Gesichtskonturen \u2013 Face Contouring mit Hyalurons\u00e4ure<\/a><\/li>\n<li id=\"menu-item-2329\" class=\"menu-item menu-item-type-post_type menu-item-object-page menu-item-2329\"><a href=\"https:\/\/cclinic.sk\/klinika\/de\/medical-vorsorge-und-heilung\/aesthetische-dermatologie\/behandlung-der-augenringe-mit-hyaluronsaure\/\">Behandlung der Augenringe mit Hyalurons\u00e4ure<\/a><\/li>\n<li id=\"menu-item-2330\" class=\"menu-item menu-item-type-post_type menu-item-object-page menu-item-2330\"><a href=\"https:\/\/cclinic.sk\/klinika\/de\/medical-vorsorge-und-heilung\/aesthetische-dermatologie\/behandlung-der-falten-mit-botulinumtoxin\/\">Behandlung der Falten mit Botulinumtoxin<\/a><\/li>\n<li id=\"menu-item-2332\" class=\"menu-item menu-item-type-post_type menu-item-object-page menu-item-2332\"><a href=\"https:\/\/cclinic.sk\/klinika\/de\/medical-vorsorge-und-heilung\/aesthetische-dermatologie\/enzymotherapie-entfernung-vom-doppelkinn-der-schlaffen-gesichtskonturen-und-narben\/\">Enzymotherapie &#8211; Entfernung vom Doppelkinn, der Schlaffen Gesichtskonturen und Narben<\/a><\/li>\n<li id=\"menu-item-2335\" class=\"menu-item menu-item-type-post_type menu-item-object-page menu-item-2335\"><a href=\"https:\/\/cclinic.sk\/klinika\/de\/medical-vorsorge-und-heilung\/aesthetische-dermatologie\/smartlux-led-licht-therapie\/\">Smartlux \u2013 LED-Licht Therapie<\/a><\/li>\n<li id=\"menu-item-2336\" class=\"menu-item menu-item-type-post_type menu-item-object-page menu-item-2336\"><a href=\"https:\/\/cclinic.sk\/klinika\/de\/medical-vorsorge-und-heilung\/aesthetische-dermatologie\/co2-laser-entfernung-der-hautwucherungen-auswuchse-im-gesicht\/\">CO2 Laser \u2013 Entfernung der Hautwucherungen \/ Ausw\u00fcchse im Gesicht<\/a><\/li>\n<li id=\"menu-item-2339\" class=\"menu-item menu-item-type-post_type menu-item-object-page menu-item-2339\"><a href=\"https:\/\/cclinic.sk\/klinika\/de\/medical-vorsorge-und-heilung\/aesthetische-dermatologie\/fraktionierte-co2-laser-skin-resurfacing-therapie\/\">Fraktionierte CO2 Laser-Skin-Resurfacing-Therapie<\/a><\/li>\n<li id=\"menu-item-2340\" class=\"menu-item menu-item-type-post_type menu-item-object-page menu-item-2340\"><a href=\"https:\/\/cclinic.sk\/klinika\/de\/medical-vorsorge-und-heilung\/aesthetische-dermatologie\/mesolift-lasertherapie\/\">Mesolift-Lasertherapie<\/a><\/li>\n<li id=\"menu-item-2341\" class=\"menu-item menu-item-type-post_type menu-item-object-page menu-item-2341\"><a href=\"https:\/\/cclinic.sk\/klinika\/de\/medical-vorsorge-und-heilung\/aesthetische-dermatologie\/photorejuvenation-mit-intensivem-puls-licht-ipl-lumenis-m22\/\">Photorejuvenation mit intensivem Puls-Licht IPL Lumenis M22<\/a><\/li>\n<li id=\"menu-item-2342\" class=\"menu-item menu-item-type-post_type menu-item-object-page menu-item-2342\"><a href=\"https:\/\/cclinic.sk\/klinika\/de\/medical-vorsorge-und-heilung\/aesthetische-dermatologie\/beseitigung-der-erweiterten-kapillargefasen-im-gesicht-mit-intensivem-puls-licht-ipl-lumenis-m22\/\">Beseitigung der erweiterten Kapillargef\u00e4\u00dfen im Gesicht mit intensivem Puls-Licht IPL Lumenis M22<\/a><\/li>\n<li id=\"menu-item-2343\" class=\"menu-item menu-item-type-post_type menu-item-object-page menu-item-2343\"><a href=\"https:\/\/cclinic.sk\/klinika\/de\/medical-vorsorge-und-heilung\/aesthetische-dermatologie\/entfernen-der-pigmentstorungen-im-gesicht-mit-intensivem-puls-licht-ipl-lumenis-m22\/\">Entfernen der Pigmentst\u00f6rungen im Gesicht mit intensivem Puls-Licht IPL Lumenis M22<\/a><\/li>\n<li id=\"menu-item-2344\" class=\"menu-item menu-item-type-post_type menu-item-object-page menu-item-2344\"><a href=\"https:\/\/cclinic.sk\/klinika\/de\/medical-vorsorge-und-heilung\/aesthetische-dermatologie\/behandlung-von-akne-mit-intensivem-puls-licht-ipl-lumenis-m22\/\">Behandlung von Rosacea und Akne mit intensivem Puls-Licht \u2013 IPL Lumenis M22<\/a><\/li>\n<li id=\"menu-item-2345\" class=\"menu-item menu-item-type-post_type menu-item-object-page menu-item-2345\"><a href=\"https:\/\/cclinic.sk\/klinika\/de\/medical-vorsorge-und-heilung\/aesthetische-dermatologie\/kryotherapie-flussiger-stickstoff\/\">Kryotherapie \u2013 Fl\u00fcssiger Stickstoff<\/a><\/li>\n<li id=\"menu-item-5182\" class=\"menu-item menu-item-type-post_type menu-item-object-page menu-item-5182\"><a href=\"https:\/\/cclinic.sk\/klinika\/de\/medical-vorsorge-und-heilung\/aesthetische-dermatologie\/chemisches-peeling-mit-retinol\/\">CHEMISCHES PEELING MIT RETINOL<\/a><\/li>\n<li id=\"menu-item-2348\" class=\"menu-item menu-item-type-post_type menu-item-object-page menu-item-2348\"><a href=\"https:\/\/cclinic.sk\/klinika\/de\/medical-vorsorge-und-heilung\/aesthetische-dermatologie\/ultherapy-ultraschall-lifting\/\">Ultherapy<\/a><\/li>\n<li id=\"menu-item-2349\" class=\"menu-item menu-item-type-post_type menu-item-object-page menu-item-2349\"><a href=\"https:\/\/cclinic.sk\/klinika\/de\/medical-vorsorge-und-heilung\/aesthetische-dermatologie\/entfernung-der-kapillargefase-im-gesicht-mit-intensivem-puls-licht-ipl-und-diodenlaser\/\">Entfernung der Kapillargef\u00e4\u00dfe im Gesicht mit intensivem Puls-Licht IPL und Diodenlaser<\/a><\/li>\n<li id=\"menu-item-2350\" class=\"menu-item menu-item-type-post_type menu-item-object-page menu-item-2350\"><a href=\"https:\/\/cclinic.sk\/klinika\/de\/medical-vorsorge-und-heilung\/aesthetische-dermatologie\/dermatoskopie-untersuchung-der-muttermale-im-gesicht\/\">Dermatoskopie \u2013 Untersuchung der Muttermale im Gesicht<\/a><\/li>\n<\/ul><\/div><\/div><div id=\"text-16\" class=\"widget clearfix widget_text\">\t\t\t<div class=\"textwidget\"><h3><a href=\"https:\/\/cclinic.sk\/klinika\/de\/medical-vorsorge-und-heilung\/aesthetische-dermatologie\/\">K\u00d6RPER<\/a><\/h3>\n<h3><a href=\"https:\/\/cclinic.sk\/klinika\/de\/medical-vorsorge-und-heilung\/aesthetische-dermatologie\/\">KONSULTATION<\/a><\/h3>\n<\/div>\n\t\t<\/div><\/div><\/div>\n\n<style type=\"text\/css\" data-created_by=\"avia_inline_auto\" id=\"style-css-av-av_three_fourth-c8fc129dc35fd1ae2a1e410224d39ea8\">\n.flex_column.av-av_three_fourth-c8fc129dc35fd1ae2a1e410224d39ea8{\nborder-radius:0px 0px 0px 0px;\npadding:0px 0px 0px 0px;\n}\n<\/style>\n<div  class='flex_column av-av_three_fourth-c8fc129dc35fd1ae2a1e410224d39ea8 av_three_fourth  avia-builder-el-4  el_after_av_one_fourth  avia-builder-el-last  flex_column_div av-zero-column-padding  '     ><section  class='av_textblock_section av-av_textblock-2de302bf1aa3cf4c9157dbe6f50ac7eb '   itemscope=\"itemscope\" itemtype=\"https:\/\/schema.org\/CreativeWork\" ><div class='avia_textblock'  itemprop=\"text\" ><h1>Radiofrequenz Needling mit Ger\u00e4t ELLISYS<\/h1>\n<p><img decoding=\"async\" class=\"alignnone size-full wp-image-522\" src=\"https:\/\/i0.wp.com\/cclinic.sk\/klinika\/wp-content\/uploads\/2018\/04\/ihlickova.jpg?resize=960%2C385\" alt=\"\" width=\"960\" height=\"385\" srcset=\"https:\/\/i0.wp.com\/cclinic.sk\/klinika\/wp-content\/uploads\/2018\/04\/ihlickova.jpg?w=960&amp;ssl=1 960w, https:\/\/i0.wp.com\/cclinic.sk\/klinika\/wp-content\/uploads\/2018\/04\/ihlickova.jpg?resize=300%2C120&amp;ssl=1 300w, https:\/\/i0.wp.com\/cclinic.sk\/klinika\/wp-content\/uploads\/2018\/04\/ihlickova.jpg?resize=768%2C308&amp;ssl=1 768w, https:\/\/i0.wp.com\/cclinic.sk\/klinika\/wp-content\/uploads\/2018\/04\/ihlickova.jpg?resize=705%2C283&amp;ssl=1 705w, https:\/\/i0.wp.com\/cclinic.sk\/klinika\/wp-content\/uploads\/2018\/04\/ihlickova.jpg?resize=450%2C180&amp;ssl=1 450w\" sizes=\"(max-width: 960px) 100vw, 960px\" data-recalc-dims=\"1\" \/><\/p>\n<p>Radiofrequenz Needling stellt eine minimalinvasive Behandlung, bestimmt zur Verst\u00e4rkung und Straffung \u2013 Lifting \u2013 der Haut dar. Diese Methode verwendet d\u00fcnne \u00fcbergoldete Mikronadel, die w\u00e4hrend des Eingriffes in die unterschiedliche Tiefe der Hautschichten, von 0,5 bis 3,5 mm, direkt zu den Kollagenfasern eingef\u00fchrt werden, wo eine genau kontrollierte Dosierung der Radiofrequenz-Energie auf W\u00e4rmeenergie transformiert wird, was zur Aufw\u00e4rmung von Kollagen- und Elastinfasern, zu derer Schrumpfen und darauffolgender Stimulierung derer Neubildung f\u00fchrt, wodurch das Hautlifting erzielt wird. Au\u00dferdem reduziert das Radiofrequenz Needling Verfahren gro\u00dfe Poren, Bildung vom Hauttalg, was eine positive Wirkung auch auf den Verlauf von Akne hat, die Aknenarben strafft und reduziert und das Erscheinungsbild von Dehnungsstreifen verbessert. Zur Straffung der Haut und Verbesserung der Hauttextur kommt es schrittweise im Laufe von 3-4 Wochen, wann es zur intensiven Kollagen- und Elastinproduktion kommt. Es wird empfohlen den Eingriff 3-mal in Monatsintervallen zu wiederholen. Das Radiofrequenz Needling Verfahren findet Anwendung bei der Behandlung vom Gesicht, Hals, Dekollet\u00e9 und von anderen Bereichen, die von Dehnungsstreifen, bzw. Narben betroffen sind.<\/p>\n<h2>BASISINFORMATIONEN:<\/h2>\n<ul>\n<li>Der Eingriff ist schmerzlos, der Patientin wird vor diesem ein Bet\u00e4ubungscreme appliziert<\/li>\n<li>Vor dem Eingriff wird keine Antikoagulation empfohlen (z.B. Anopyrin, Trombex,\u2026)<\/li>\n<li>Zur Verst\u00e4rkung vom Effekt und Unterst\u00fctzung der Heilung nach dem Eingriff wird die LED Therapie empfohlen<\/li>\n<li>Die leichte R\u00f6tung und Schwellung der behandelten Lokalit\u00e4t verschwinden binnen 24 Stunden, nach der Anwendung k\u00f6nnen diskrete Krusten entstehen, am folgenden Tag nach dem Eingriff kann Make-up aufgetragen werden<\/li>\n<li>Der Eingriff wird w\u00e4hrend des ganzen Jahres durchgef\u00fchrt, nach dem Eingriff wird empfohlen das behandelte Areal vor Sonnenstrahlung zu sch\u00fctzen und Lichtschutzfaktor 50+ zu verwenden<\/li>\n<\/ul>\n<p><strong>Preis ab: 150 \u20ac<\/strong><\/p>\n<\/div><\/section><\/div>\n","protected":false},"excerpt":{"rendered":"","protected":false},"author":1,"featured_media":0,"parent":1996,"menu_order":0,"comment_status":"closed","ping_status":"closed","template":"","meta":{"_acf_changed":false,"footnotes":""},"acf":[],"jetpack_sharing_enabled":true,"_links":{"self":[{"href":"https:\/\/cclinic.sk\/klinika\/wp-json\/wp\/v2\/pages\/2160"}],"collection":[{"href":"https:\/\/cclinic.sk\/klinika\/wp-json\/wp\/v2\/pages"}],"about":[{"href":"https:\/\/cclinic.sk\/klinika\/wp-json\/wp\/v2\/types\/page"}],"author":[{"embeddable":true,"href":"https:\/\/cclinic.sk\/klinika\/wp-json\/wp\/v2\/users\/1"}],"replies":[{"embeddable":true,"href":"https:\/\/cclinic.sk\/klinika\/wp-json\/wp\/v2\/comments?post=2160"}],"version-history":[{"count":3,"href":"https:\/\/cclinic.sk\/klinika\/wp-json\/wp\/v2\/pages\/2160\/revisions"}],"predecessor-version":[{"id":4752,"href":"https:\/\/cclinic.sk\/klinika\/wp-json\/wp\/v2\/pages\/2160\/revisions\/4752"}],"up":[{"embeddable":true,"href":"https:\/\/cclinic.sk\/klinika\/wp-json\/wp\/v2\/pages\/1996"}],"wp:attachment":[{"href":"https:\/\/cclinic.sk\/klinika\/wp-json\/wp\/v2\/media?parent=2160"}],"curies":[{"name":"wp","href":"https:\/\/api.w.org\/{rel}","templated":true}]}}