{"id":2232,"date":"2018-06-27T15:28:04","date_gmt":"2018-06-27T13:28:04","guid":{"rendered":"https:\/\/cclinic.sk\/klinika\/?page_id=2232"},"modified":"2018-06-27T15:29:59","modified_gmt":"2018-06-27T13:29:59","slug":"fraktionierte-co2-laser-skin-resurfacing-therapie-dehnungsstreifen-und-narben","status":"publish","type":"page","link":"https:\/\/cclinic.sk\/klinika\/de\/medical-vorsorge-und-heilung\/aesthetische-dermatologie\/fraktionierte-co2-laser-skin-resurfacing-therapie-dehnungsstreifen-und-narben\/","title":{"rendered":"Fraktionierte CO2 Laser-Skin-Resurfacing-Therapie \u2013 Dehnungsstreifen und Narben"},"content":{"rendered":"\n<style type=\"text\/css\" data-created_by=\"avia_inline_auto\" id=\"style-css-av-av_section-2b3101aa4ae268e6a185ed3ea5eb04ed\">\n.avia-section.av-av_section-2b3101aa4ae268e6a185ed3ea5eb04ed{\nbackground-repeat:no-repeat;\nbackground-image:url(https:\/\/i0.wp.com\/cclinic.sk\/klinika\/wp-content\/uploads\/2018\/04\/sekcia-hlavicka.jpg?fit=1500%2C297&ssl=1);\nbackground-position:50% 50%;\nbackground-attachment:scroll;\n}\n<\/style>\n<div id='hlavicka'  class='avia-section av-av_section-2b3101aa4ae268e6a185ed3ea5eb04ed alternate_color avia-section-large avia-no-shadow  avia-builder-el-0  el_before_av_one_fourth  avia-builder-el-first  avia-full-stretch avia-bg-style-scroll container_wrap sidebar_right'  data-section-bg-repeat='stretch'><div class='container av-section-cont-open' ><main  role=\"main\" itemprop=\"mainContentOfPage\"  class='template-page content  av-content-small alpha units'><div class='post-entry post-entry-type-page post-entry-2232'><div class='entry-content-wrapper clearfix'>\n<section  class='av_textblock_section av-av_textblock-2de302bf1aa3cf4c9157dbe6f50ac7eb '   itemscope=\"itemscope\" itemtype=\"https:\/\/schema.org\/CreativeWork\" ><div class='avia_textblock'  itemprop=\"text\" ><h2 style=\"text-align: center;\">\u00c4STHETISCHE DERMATOLOGIE<\/h2>\n<\/div><\/section>\n<\/div><\/div><\/main><!-- close content main element --><\/div><\/div><div id='after_section_1'  class='main_color av_default_container_wrap container_wrap sidebar_right'  ><div class='container av-section-cont-open' ><div class='template-page content  av-content-small alpha units'><div class='post-entry post-entry-type-page post-entry-2232'><div class='entry-content-wrapper clearfix'>\n\n<style type=\"text\/css\" data-created_by=\"avia_inline_auto\" id=\"style-css-av-av_one_fourth-15d750bd1b332b34c6e70b077ebbccdf\">\n.flex_column.av-av_one_fourth-15d750bd1b332b34c6e70b077ebbccdf{\nborder-radius:0px 0px 0px 0px;\npadding:0px 0px 0px 0px;\n}\n<\/style>\n<div  class='flex_column av-av_one_fourth-15d750bd1b332b34c6e70b077ebbccdf av_one_fourth  avia-builder-el-2  el_after_av_section  el_before_av_three_fourth  avia-builder-el-first  first flex_column_div av-zero-column-padding  '     ><div  class='avia-builder-widget-area clearfix  avia-builder-el-3  avia-builder-el-no-sibling '><div id=\"nav_menu-64\" class=\"widget clearfix widget_nav_menu\"><h3 class=\"widgettitle\">K\u00d6RPER<\/h3><div class=\"menu-de-medical-derma-telo-container\"><ul id=\"menu-de-medical-derma-telo\" class=\"menu\"><li id=\"menu-item-7420\" class=\"menu-item menu-item-type-post_type menu-item-object-page menu-item-7420\"><a href=\"https:\/\/cclinic.sk\/klinika\/de\/medical-vorsorge-und-heilung\/aesthetische-dermatologie\/enzymotherapie-entfernung-von-fettpolstern-der-schlaffen-haut-narben-und-dehnungsstreifen-cellulite\/\">ENZYMOTHERAPIE : ENTFERNUNG VON FETTPOLSTERN, DER SCHLAFFEN HAUT, NARBEN UND DEHNUNGSSTREIFEN, CELLULITE<\/a><\/li>\n<li id=\"menu-item-2351\" class=\"menu-item menu-item-type-post_type menu-item-object-page menu-item-2351\"><a href=\"https:\/\/cclinic.sk\/klinika\/de\/medical-vorsorge-und-heilung\/aesthetische-dermatologie\/behandlung-von-ubermasigem-schwitzen-mit-botulinumtoxin\/\">Behandlung von \u00fcberm\u00e4\u00dfigem Schwitzen mit Botulinumtoxin<\/a><\/li>\n<li id=\"menu-item-2352\" class=\"menu-item menu-item-type-post_type menu-item-object-page menu-item-2352\"><a href=\"https:\/\/cclinic.sk\/klinika\/de\/medical-vorsorge-und-heilung\/aesthetische-dermatologie\/laserepilation-lightsheer-duet-lumenis\/\">Laserepilation \u2013 LightSheer Duet Lumenis<\/a><\/li>\n<li id=\"menu-item-2353\" class=\"menu-item menu-item-type-post_type menu-item-object-page menu-item-2353\"><a href=\"https:\/\/cclinic.sk\/klinika\/de\/medical-vorsorge-und-heilung\/aesthetische-dermatologie\/co2-laser-entfernung-der-hautwucherungen-auswuchse-am-korper\/\">CO2 Laser \u2013 Entfernung der Hautwucherungen\/Ausw\u00fcchse am K\u00f6rper<\/a><\/li>\n<li id=\"menu-item-2354\" class=\"menu-item menu-item-type-post_type menu-item-object-page menu-item-2354\"><a href=\"https:\/\/cclinic.sk\/klinika\/de\/medical-vorsorge-und-heilung\/aesthetische-dermatologie\/dermatoskopie-untersuchung-der-muttermale\/\">Dermatoskopie \u2013 Untersuchung der Muttermale<\/a><\/li>\n<li id=\"menu-item-2355\" class=\"menu-item menu-item-type-post_type menu-item-object-page menu-item-2355\"><a href=\"https:\/\/cclinic.sk\/klinika\/de\/medical-vorsorge-und-heilung\/aesthetische-dermatologie\/radiofrequenz-needling-mit-gerat-ellisys-dehnungsstreifen-und-narben\/\">Radiofrequenz Needling mit Ger\u00e4t ELLISYS  \u2013 Dehnungsstreifen und Narben<\/a><\/li>\n<li id=\"menu-item-2356\" class=\"menu-item menu-item-type-post_type menu-item-object-page menu-item-2356\"><a href=\"https:\/\/cclinic.sk\/klinika\/de\/medical-vorsorge-und-heilung\/aesthetische-dermatologie\/fraktionierte-co2-laser-skin-resurfacing-therapie-dehnungsstreifen-und-narben\/\">Fraktionierte CO2 Laser-Skin-Resurfacing-Therapie \u2013 Dehnungsstreifen und Narben<\/a><\/li>\n<li id=\"menu-item-2357\" class=\"menu-item menu-item-type-post_type menu-item-object-page menu-item-2357\"><a href=\"https:\/\/cclinic.sk\/klinika\/de\/medical-vorsorge-und-heilung\/aesthetische-dermatologie\/photorejuvenation-mit-intensivem-puls-licht-ipl-lumenis-m22-handverjungung\/\">Photorejuvenation mit intensivem Puls-Licht IPL Lumenis M22 \u2013 Handverj\u00fcngung<\/a><\/li>\n<li id=\"menu-item-2358\" class=\"menu-item menu-item-type-post_type menu-item-object-page menu-item-2358\"><a href=\"https:\/\/cclinic.sk\/klinika\/de\/medical-vorsorge-und-heilung\/aesthetische-dermatologie\/handverjungung-hyaluronsaure\/\">Handverj\u00fcngung \u2013 Hyalurons\u00e4ure<\/a><\/li>\n<li id=\"menu-item-2359\" class=\"menu-item menu-item-type-post_type menu-item-object-page menu-item-2359\"><a href=\"https:\/\/cclinic.sk\/klinika\/de\/medical-vorsorge-und-heilung\/aesthetische-dermatologie\/kryotherapie-flussiger-stickstoff-korper\/\">Kryotherapie \u2013 Fl\u00fcssiger Stickstoff<\/a><\/li>\n<li id=\"menu-item-2361\" class=\"menu-item menu-item-type-post_type menu-item-object-page menu-item-2361\"><a href=\"https:\/\/cclinic.sk\/klinika\/de\/medical-vorsorge-und-heilung\/aesthetische-dermatologie\/chemisches-fruchtsaurepeeling-rucken-oberarme-hande\/\">Chemisches Fruchts\u00e4urepeeling \u2013 R\u00fccken, Oberarme, H\u00e4nde<\/a><\/li>\n<li id=\"menu-item-2362\" class=\"menu-item menu-item-type-post_type menu-item-object-page menu-item-2362\"><a href=\"https:\/\/cclinic.sk\/klinika\/de\/medical-vorsorge-und-heilung\/aesthetische-dermatologie\/entfernung-der-kapillargefase-mit-intensivem-puls-licht-ipl-und-diodenlaser-beine\/\">Entfernung der Kapillargef\u00e4\u00dfe mit intensivem Puls \u2013 Licht IPL und Diodenlaser \u2013 Beine<\/a><\/li>\n<\/ul><\/div><\/div><div id=\"text-15\" class=\"widget clearfix widget_text\">\t\t\t<div class=\"textwidget\"><h3><a href=\"https:\/\/cclinic.sk\/klinika\/de\/medical-vorsorge-und-heilung\/aesthetische-dermatologie\/\">GESICHT UND HALS<\/a><\/h3>\n<h3><a href=\"https:\/\/cclinic.sk\/klinika\/de\/medical-vorsorge-und-heilung\/aesthetische-dermatologie\/\">KONSULTATION<\/a><\/h3>\n<\/div>\n\t\t<\/div><\/div><\/div>\n\n<style type=\"text\/css\" data-created_by=\"avia_inline_auto\" id=\"style-css-av-av_three_fourth-c8fc129dc35fd1ae2a1e410224d39ea8\">\n.flex_column.av-av_three_fourth-c8fc129dc35fd1ae2a1e410224d39ea8{\nborder-radius:0px 0px 0px 0px;\npadding:0px 0px 0px 0px;\n}\n<\/style>\n<div  class='flex_column av-av_three_fourth-c8fc129dc35fd1ae2a1e410224d39ea8 av_three_fourth  avia-builder-el-4  el_after_av_one_fourth  avia-builder-el-last  flex_column_div av-zero-column-padding  '     ><section  class='av_textblock_section av-av_textblock-2de302bf1aa3cf4c9157dbe6f50ac7eb '   itemscope=\"itemscope\" itemtype=\"https:\/\/schema.org\/CreativeWork\" ><div class='avia_textblock'  itemprop=\"text\" ><h1>Fraktionierte CO2 Laser-Skin-Resurfacing-Therapie \u2013 Dehnungsstreifen und Narben<\/h1>\n<p><img decoding=\"async\" class=\"alignnone size-full wp-image-1666\" src=\"https:\/\/i0.wp.com\/cclinic.sk\/klinika\/wp-content\/uploads\/2018\/05\/co2laser_frakcny_lasermezolift-1.jpg?resize=960%2C385&#038;ssl=1\" alt=\"\" width=\"960\" height=\"385\" srcset=\"https:\/\/i0.wp.com\/cclinic.sk\/klinika\/wp-content\/uploads\/2018\/05\/co2laser_frakcny_lasermezolift-1.jpg?w=960&amp;ssl=1 960w, https:\/\/i0.wp.com\/cclinic.sk\/klinika\/wp-content\/uploads\/2018\/05\/co2laser_frakcny_lasermezolift-1.jpg?resize=300%2C120&amp;ssl=1 300w, https:\/\/i0.wp.com\/cclinic.sk\/klinika\/wp-content\/uploads\/2018\/05\/co2laser_frakcny_lasermezolift-1.jpg?resize=768%2C308&amp;ssl=1 768w, https:\/\/i0.wp.com\/cclinic.sk\/klinika\/wp-content\/uploads\/2018\/05\/co2laser_frakcny_lasermezolift-1.jpg?resize=705%2C283&amp;ssl=1 705w, https:\/\/i0.wp.com\/cclinic.sk\/klinika\/wp-content\/uploads\/2018\/05\/co2laser_frakcny_lasermezolift-1.jpg?resize=450%2C180&amp;ssl=1 450w\" sizes=\"(max-width: 960px) 100vw, 960px\" data-recalc-dims=\"1\" \/><\/p>\n<p>Bei dem fraktionierten CO2 Laser-Skin-Resurfacing handelt es sich um einen minimalinvasiven Eingriff, bei welchem es zum Abdampfen der superfiziellen Hautschichten in kleinen Mikropunkten bei Bewahrung von Inseln der unbesch\u00e4digten Haut kommt, von welcher in der Folge nach dem Eingriff zum Heilungsprozess und Epithelisierung der Haut kommt. Gleichzeitig dringt w\u00e4hrend des Eingriffs der CO2 Strahl tiefer in die Dermis \u2013 Corium \u2013 Haut ein und besch\u00e4digt thermisch die Kollagen- und Elastinfasern, wodurch der Reparationsprozess aktiviert wird und die Neubildung von Kollagen- und Elastinfasern noch 3 bis 5 Monate nach dem Eingriff stimuliert ist. Die Haut wird in einigen Tagen nach dem Eingriff erneuert, schrittweise kommt es zur Straffung der Haut \u2013 zum Lifting, wobei der maximale Effekt nach 5 Monaten zustande kommt. Die Behandlung ist geeignet zur Korrektion der Narben und Dehnungsstreifen, Narben nach der Akne, Reduzierung der Pigment- und superfiziellen M\u00e4ngeln der Haut, Reduzierung der breiten Poren, wovon auch der Name Resurfacing \u2013 Wiederherstellung der Oberfl\u00e4che abgeleitet wird. Abh\u00e4ngig von der Intensit\u00e4t der Einstellung w\u00e4hlen wir leichtes, mittleres und tiefes Fraktionsresurfacing.<\/p>\n<h2><strong>BASISINFORMATIONEN<\/strong>:<\/h2>\n<ul>\n<li>Der Eingriff ist minimal schmerzhaft, der Patientin wird vor diesem ein Bet\u00e4ubungscreme appliziert<\/li>\n<li>Nach dem Eingriff wird die LED Therapie appliziert um den Effekt der Behandlung zu st\u00e4rken und die Heilung zu beschleunigen<\/li>\n<li>R\u00f6tung und Schwellung der behandelten Lokalit\u00e4t verschwinden allm\u00e4hlich binnen 1 bis 5 Tagen, wobei es zur allm\u00e4hlicher Heilung der Haut, derer Abschuppung kommt, was eine Rekonvaleszenz f\u00fcr 3 bis 5 Tagen fordert<\/li>\n<li>Der Eingriff wird au\u00dferhalb der Sommerzeit durchgef\u00fchrt, wobei 1 Monat vor dem Eingriff und 1 Monat nach dem Eingriff die behandelte Lokalit\u00e4t vor UV Strahlung zu sch\u00fctzen ist, nach dem Eingriff\u00a0wird eine strikte Verwendung vom\u00a0Lichtschutzfaktor 50+ empfohlen<\/li>\n<\/ul>\n<p><strong>Preis ab: 50\u00a0\u20ac<\/strong><\/p>\n<\/div><\/section><\/div>\n","protected":false},"excerpt":{"rendered":"","protected":false},"author":1,"featured_media":0,"parent":1996,"menu_order":0,"comment_status":"closed","ping_status":"closed","template":"","meta":{"_acf_changed":false,"footnotes":""},"acf":[],"jetpack_sharing_enabled":true,"_links":{"self":[{"href":"https:\/\/cclinic.sk\/klinika\/wp-json\/wp\/v2\/pages\/2232"}],"collection":[{"href":"https:\/\/cclinic.sk\/klinika\/wp-json\/wp\/v2\/pages"}],"about":[{"href":"https:\/\/cclinic.sk\/klinika\/wp-json\/wp\/v2\/types\/page"}],"author":[{"embeddable":true,"href":"https:\/\/cclinic.sk\/klinika\/wp-json\/wp\/v2\/users\/1"}],"replies":[{"embeddable":true,"href":"https:\/\/cclinic.sk\/klinika\/wp-json\/wp\/v2\/comments?post=2232"}],"version-history":[{"count":3,"href":"https:\/\/cclinic.sk\/klinika\/wp-json\/wp\/v2\/pages\/2232\/revisions"}],"predecessor-version":[{"id":2235,"href":"https:\/\/cclinic.sk\/klinika\/wp-json\/wp\/v2\/pages\/2232\/revisions\/2235"}],"up":[{"embeddable":true,"href":"https:\/\/cclinic.sk\/klinika\/wp-json\/wp\/v2\/pages\/1996"}],"wp:attachment":[{"href":"https:\/\/cclinic.sk\/klinika\/wp-json\/wp\/v2\/media?parent=2232"}],"curies":[{"name":"wp","href":"https:\/\/api.w.org\/{rel}","templated":true}]}}