{"id":2262,"date":"2018-06-27T15:47:34","date_gmt":"2018-06-27T13:47:34","guid":{"rendered":"https:\/\/cclinic.sk\/klinika\/?page_id=2262"},"modified":"2021-01-14T14:55:03","modified_gmt":"2021-01-14T13:55:03","slug":"entfernung-der-kapillargefase-mit-intensivem-puls-licht-ipl-und-diodenlaser-beine","status":"publish","type":"page","link":"https:\/\/cclinic.sk\/klinika\/de\/medical-vorsorge-und-heilung\/aesthetische-dermatologie\/entfernung-der-kapillargefase-mit-intensivem-puls-licht-ipl-und-diodenlaser-beine\/","title":{"rendered":"Entfernung der Kapillargef\u00e4\u00dfe mit intensivem Puls &#8211; Licht IPL und Diodenlaser &#8211; Beine"},"content":{"rendered":"\n<style type=\"text\/css\" data-created_by=\"avia_inline_auto\" id=\"style-css-av-di84cm-60095499439f6be350355bd0d3dfdeb6\">\n.avia-section.av-di84cm-60095499439f6be350355bd0d3dfdeb6{\nbackground-repeat:no-repeat;\nbackground-image:url(https:\/\/i0.wp.com\/cclinic.sk\/klinika\/wp-content\/uploads\/2018\/04\/sekcia-hlavicka.jpg?fit=1500%2C297&ssl=1);\nbackground-position:50% 50%;\nbackground-attachment:scroll;\n}\n<\/style>\n<div id='hlavicka'  class='avia-section av-di84cm-60095499439f6be350355bd0d3dfdeb6 alternate_color avia-section-large avia-no-shadow  avia-builder-el-0  el_before_av_one_fourth  avia-builder-el-first  avia-full-stretch avia-bg-style-scroll container_wrap sidebar_right'  data-section-bg-repeat='stretch'><div class='container av-section-cont-open' ><main  role=\"main\" itemprop=\"mainContentOfPage\"  class='template-page content  av-content-small alpha units'><div class='post-entry post-entry-type-page post-entry-2262'><div class='entry-content-wrapper clearfix'>\n<section  class='av_textblock_section av-cl0znq-debb1acf61cd6e39f027920642b26c7d '   itemscope=\"itemscope\" itemtype=\"https:\/\/schema.org\/CreativeWork\" ><div class='avia_textblock'  itemprop=\"text\" ><h2 style=\"text-align: center;\">\u00c4STHETISCHE DERMATOLOGIE<\/h2>\n<\/div><\/section>\n<\/div><\/div><\/main><!-- close content main element --><\/div><\/div><div id='after_section_1'  class='main_color av_default_container_wrap container_wrap sidebar_right'  ><div class='container av-section-cont-open' ><div class='template-page content  av-content-small alpha units'><div class='post-entry post-entry-type-page post-entry-2262'><div class='entry-content-wrapper clearfix'>\n\n<style type=\"text\/css\" data-created_by=\"avia_inline_auto\" id=\"style-css-av-aaq0zq-bebc373e5e1bd49bcd15850571fa2c84\">\n.flex_column.av-aaq0zq-bebc373e5e1bd49bcd15850571fa2c84{\nborder-radius:0px 0px 0px 0px;\npadding:0px 0px 0px 0px;\n}\n<\/style>\n<div  class='flex_column av-aaq0zq-bebc373e5e1bd49bcd15850571fa2c84 av_one_fourth  avia-builder-el-2  el_after_av_section  el_before_av_three_fourth  avia-builder-el-first  first flex_column_div av-zero-column-padding  '     ><div  class='avia-builder-widget-area clearfix  avia-builder-el-3  avia-builder-el-no-sibling '><div id=\"nav_menu-64\" class=\"widget clearfix widget_nav_menu\"><h3 class=\"widgettitle\">K\u00d6RPER<\/h3><div class=\"menu-de-medical-derma-telo-container\"><ul id=\"menu-de-medical-derma-telo\" class=\"menu\"><li id=\"menu-item-7420\" class=\"menu-item menu-item-type-post_type menu-item-object-page menu-item-7420\"><a href=\"https:\/\/cclinic.sk\/klinika\/de\/medical-vorsorge-und-heilung\/aesthetische-dermatologie\/enzymotherapie-entfernung-von-fettpolstern-der-schlaffen-haut-narben-und-dehnungsstreifen-cellulite\/\">ENZYMOTHERAPIE : ENTFERNUNG VON FETTPOLSTERN, DER SCHLAFFEN HAUT, NARBEN UND DEHNUNGSSTREIFEN, CELLULITE<\/a><\/li>\n<li id=\"menu-item-2351\" class=\"menu-item menu-item-type-post_type menu-item-object-page menu-item-2351\"><a href=\"https:\/\/cclinic.sk\/klinika\/de\/medical-vorsorge-und-heilung\/aesthetische-dermatologie\/behandlung-von-ubermasigem-schwitzen-mit-botulinumtoxin\/\">Behandlung von \u00fcberm\u00e4\u00dfigem Schwitzen mit Botulinumtoxin<\/a><\/li>\n<li id=\"menu-item-2352\" class=\"menu-item menu-item-type-post_type menu-item-object-page menu-item-2352\"><a href=\"https:\/\/cclinic.sk\/klinika\/de\/medical-vorsorge-und-heilung\/aesthetische-dermatologie\/laserepilation-lightsheer-duet-lumenis\/\">Laserepilation \u2013 LightSheer Duet Lumenis<\/a><\/li>\n<li id=\"menu-item-2353\" class=\"menu-item menu-item-type-post_type menu-item-object-page menu-item-2353\"><a href=\"https:\/\/cclinic.sk\/klinika\/de\/medical-vorsorge-und-heilung\/aesthetische-dermatologie\/co2-laser-entfernung-der-hautwucherungen-auswuchse-am-korper\/\">CO2 Laser \u2013 Entfernung der Hautwucherungen\/Ausw\u00fcchse am K\u00f6rper<\/a><\/li>\n<li id=\"menu-item-2354\" class=\"menu-item menu-item-type-post_type menu-item-object-page menu-item-2354\"><a href=\"https:\/\/cclinic.sk\/klinika\/de\/medical-vorsorge-und-heilung\/aesthetische-dermatologie\/dermatoskopie-untersuchung-der-muttermale\/\">Dermatoskopie \u2013 Untersuchung der Muttermale<\/a><\/li>\n<li id=\"menu-item-2355\" class=\"menu-item menu-item-type-post_type menu-item-object-page menu-item-2355\"><a href=\"https:\/\/cclinic.sk\/klinika\/de\/medical-vorsorge-und-heilung\/aesthetische-dermatologie\/radiofrequenz-needling-mit-gerat-ellisys-dehnungsstreifen-und-narben\/\">Radiofrequenz Needling mit Ger\u00e4t ELLISYS  \u2013 Dehnungsstreifen und Narben<\/a><\/li>\n<li id=\"menu-item-2356\" class=\"menu-item menu-item-type-post_type menu-item-object-page menu-item-2356\"><a href=\"https:\/\/cclinic.sk\/klinika\/de\/medical-vorsorge-und-heilung\/aesthetische-dermatologie\/fraktionierte-co2-laser-skin-resurfacing-therapie-dehnungsstreifen-und-narben\/\">Fraktionierte CO2 Laser-Skin-Resurfacing-Therapie \u2013 Dehnungsstreifen und Narben<\/a><\/li>\n<li id=\"menu-item-2357\" class=\"menu-item menu-item-type-post_type menu-item-object-page menu-item-2357\"><a href=\"https:\/\/cclinic.sk\/klinika\/de\/medical-vorsorge-und-heilung\/aesthetische-dermatologie\/photorejuvenation-mit-intensivem-puls-licht-ipl-lumenis-m22-handverjungung\/\">Photorejuvenation mit intensivem Puls-Licht IPL Lumenis M22 \u2013 Handverj\u00fcngung<\/a><\/li>\n<li id=\"menu-item-2358\" class=\"menu-item menu-item-type-post_type menu-item-object-page menu-item-2358\"><a href=\"https:\/\/cclinic.sk\/klinika\/de\/medical-vorsorge-und-heilung\/aesthetische-dermatologie\/handverjungung-hyaluronsaure\/\">Handverj\u00fcngung \u2013 Hyalurons\u00e4ure<\/a><\/li>\n<li id=\"menu-item-2359\" class=\"menu-item menu-item-type-post_type menu-item-object-page menu-item-2359\"><a href=\"https:\/\/cclinic.sk\/klinika\/de\/medical-vorsorge-und-heilung\/aesthetische-dermatologie\/kryotherapie-flussiger-stickstoff-korper\/\">Kryotherapie \u2013 Fl\u00fcssiger Stickstoff<\/a><\/li>\n<li id=\"menu-item-2361\" class=\"menu-item menu-item-type-post_type menu-item-object-page menu-item-2361\"><a href=\"https:\/\/cclinic.sk\/klinika\/de\/medical-vorsorge-und-heilung\/aesthetische-dermatologie\/chemisches-fruchtsaurepeeling-rucken-oberarme-hande\/\">Chemisches Fruchts\u00e4urepeeling \u2013 R\u00fccken, Oberarme, H\u00e4nde<\/a><\/li>\n<li id=\"menu-item-2362\" class=\"menu-item menu-item-type-post_type menu-item-object-page menu-item-2362\"><a href=\"https:\/\/cclinic.sk\/klinika\/de\/medical-vorsorge-und-heilung\/aesthetische-dermatologie\/entfernung-der-kapillargefase-mit-intensivem-puls-licht-ipl-und-diodenlaser-beine\/\">Entfernung der Kapillargef\u00e4\u00dfe mit intensivem Puls \u2013 Licht IPL und Diodenlaser \u2013 Beine<\/a><\/li>\n<\/ul><\/div><\/div><div id=\"text-15\" class=\"widget clearfix widget_text\">\t\t\t<div class=\"textwidget\"><h3><a href=\"https:\/\/cclinic.sk\/klinika\/de\/medical-vorsorge-und-heilung\/aesthetische-dermatologie\/\">GESICHT UND HALS<\/a><\/h3>\n<h3><a href=\"https:\/\/cclinic.sk\/klinika\/de\/medical-vorsorge-und-heilung\/aesthetische-dermatologie\/\">KONSULTATION<\/a><\/h3>\n<\/div>\n\t\t<\/div><\/div><\/div>\n\n<style type=\"text\/css\" data-created_by=\"avia_inline_auto\" id=\"style-css-av-6utakm-5db73acc4bb595ff0a1946cbc54cd4c0\">\n.flex_column.av-6utakm-5db73acc4bb595ff0a1946cbc54cd4c0{\nborder-radius:0px 0px 0px 0px;\npadding:0px 0px 0px 0px;\n}\n<\/style>\n<div  class='flex_column av-6utakm-5db73acc4bb595ff0a1946cbc54cd4c0 av_three_fourth  avia-builder-el-4  el_after_av_one_fourth  avia-builder-el-last  flex_column_div av-zero-column-padding  '     ><section  class='av_textblock_section av-ii786-16d8b3d3abe1d9820f9ecb319132c3bf '   itemscope=\"itemscope\" itemtype=\"https:\/\/schema.org\/CreativeWork\" ><div class='avia_textblock'  itemprop=\"text\" ><h1>Entfernung der Kapillargef\u00e4\u00dfe mit intensivem Puls &#8211; Licht IPL und Diodenlaser &#8211; Beine<\/h1>\n<h1><img decoding=\"async\" class=\"alignnone size-full wp-image-535\" src=\"https:\/\/i0.wp.com\/cclinic.sk\/klinika\/wp-content\/uploads\/2018\/04\/laserova_depilacia.jpg?resize=960%2C385&#038;ssl=1\" alt=\"\" width=\"960\" height=\"385\" srcset=\"https:\/\/i0.wp.com\/cclinic.sk\/klinika\/wp-content\/uploads\/2018\/04\/laserova_depilacia.jpg?w=960&amp;ssl=1 960w, https:\/\/i0.wp.com\/cclinic.sk\/klinika\/wp-content\/uploads\/2018\/04\/laserova_depilacia.jpg?resize=300%2C120&amp;ssl=1 300w, https:\/\/i0.wp.com\/cclinic.sk\/klinika\/wp-content\/uploads\/2018\/04\/laserova_depilacia.jpg?resize=768%2C308&amp;ssl=1 768w, https:\/\/i0.wp.com\/cclinic.sk\/klinika\/wp-content\/uploads\/2018\/04\/laserova_depilacia.jpg?resize=705%2C283&amp;ssl=1 705w, https:\/\/i0.wp.com\/cclinic.sk\/klinika\/wp-content\/uploads\/2018\/04\/laserova_depilacia.jpg?resize=450%2C180&amp;ssl=1 450w\" sizes=\"(max-width: 960px) 100vw, 960px\" data-recalc-dims=\"1\" \/><\/h1>\n<p>Dank dem intensivem Puls-Licht (IPL Lumenis M22), das am Prinzip der selektiven Photothermolyse arbeitet, wird die Lichtenergie in die thermische transformiert und diese wird in der Folge im H\u00e4moglobin aufgefangen, ohne die Hautoberfl\u00e4che zu besch\u00e4digen. Durch die Wirkung vom Puls-Licht auf H\u00e4moglobin kommt es zum Abschluss und Destruktion der kleinen \u00c4derchen \u2013 Teleangiektasien, die folglich zerlegt werden und verschwinden. Diese Methode ist auch zur Beseitigung einiger eingeborener Gef\u00e4\u00dffehlbildungen (naevus flammeus) geeignet. Au\u00dfer Teleangiektasien im Gesicht sind ein h\u00e4ufiges Problem Venektasien an den unteren Gliedma\u00dfen, die blau-rot bis blau-lila werden, im Unterschied zu den \u00c4derchen im Gesicht sind die dicker, tiefer gelegt, die sgn. Besenreiser. Diese werden mit Hilfe vom Diodenlaser Light Sheer Lumenis oder im Falle von feinen Gef\u00e4\u00dfen mittels IPL beseitigt. Beide Methoden werden auch zum Entfernen der Gef\u00e4\u00dfmuttermale \u2013 H\u00e4mangiome, kleiner roter Knoten verwendet, die vor allem mit zunehmenden Alter vorkommen.<\/p>\n<h2><strong>BASISINFORMATIONEN<\/strong>:<\/h2>\n<ul>\n<li>Der Eingriff ist minimal schmerzhaft, die Impulse vergleichen wir mit einem \u201eGummistich\u201c<\/li>\n<li>Vor dem Eingriff wird keine Antikoagulation empfohlen (z.B. Anopyrin, Trombex,\u2026)<\/li>\n<li>Es ist empfohlen die Behandlung in 3 bis 4 Sitzungen, in Monatsintervallen zu wiederholen<\/li>\n<li>Leichte R\u00f6tung und Schwellung verschwinden 24 bis 48 Stunden nach der Anwendung, in der Stelle der Applikation k\u00f6nnen Bluterg\u00fcsse entstehen, die nach einigen Tagen resorbiert werden, an den unteren Gliedma\u00dfen k\u00f6nnen vor\u00fcbergehend entz\u00fcndungsbedingte Pigment\u00e4nderungen vorkommen.<\/li>\n<li>Der Eingriff wird au\u00dferhalb der Sommerzeit durchgef\u00fchrt, wobei 1 Monat vor dem Eingriff und 1 Monat nach dem Eingriff die behandelte Lokalit\u00e4t vor UV Strahlung zu sch\u00fctzen ist, nach dem Eingriff\u00a0wird eine strikte Verwendung vom Lichtschutzfaktor 50+ empfohlen<\/li>\n<\/ul>\n<p><strong>Preis ab:\u00a040\u00a0\u20ac<\/strong><\/p>\n<\/div><\/section><br \/>\n<section  class='av_textblock_section av-kjo3skyo-75e3c6ba2991105794acd46fa3f07778 '   itemscope=\"itemscope\" itemtype=\"https:\/\/schema.org\/CreativeWork\" ><div class='avia_textblock'  itemprop=\"text\" ><h2>Vorher-Nachher Bilder<\/h2>\n<\/div><\/section><br \/>\n\n<style type=\"text\/css\" data-created_by=\"avia_inline_auto\" id=\"style-css-av-3suquu-e7fb05cdcacca53694bfb035f25a2d18\">\n#top .hr.hr-invisible.av-3suquu-e7fb05cdcacca53694bfb035f25a2d18{\nheight:24px;\n}\n<\/style>\n<div  class='hr av-3suquu-e7fb05cdcacca53694bfb035f25a2d18 hr-invisible  avia-builder-el-7  el_after_av_textblock  el_before_av_gallery '><span class='hr-inner '><span class=\"hr-inner-style\"><\/span><\/span><\/div><br \/>\n\n<style type=\"text\/css\" data-created_by=\"avia_inline_auto\" id=\"style-css-av-kjo3rm0g-3078a19cb6de745866b942f6ee6b21bd\">\n#top .avia-gallery.av-kjo3rm0g-3078a19cb6de745866b942f6ee6b21bd .avia-gallery-thumb a{\nwidth:33.3333%;\n}\n<\/style>\n<div  class='avia-gallery av-kjo3rm0g-3078a19cb6de745866b942f6ee6b21bd avia_animate_when_visible  avia-builder-el-8  el_after_av_hr  el_before_av_textblock  avia_lazyload avia-gallery-animate avia-gallery-1'  itemprop=\"image\" itemscope=\"itemscope\" itemtype=\"https:\/\/schema.org\/ImageObject\" ><meta itemprop=\"contentURL\" content=\"https:\/\/cclinic.sk\/klinika\/de\/medical-vorsorge-und-heilung\/aesthetische-dermatologie\/entfernung-der-kapillargefase-mit-intensivem-puls-licht-ipl-und-diodenlaser-beine\/\"><div class='avia-gallery-thumb'><a href=\"https:\/\/i0.wp.com\/cclinic.sk\/klinika\/wp-content\/uploads\/2021\/01\/Cievky-na-nohach.jpg?fit=1024%2C1024&amp;ssl=1\" data-srcset=\"https:\/\/i0.wp.com\/cclinic.sk\/klinika\/wp-content\/uploads\/2021\/01\/Cievky-na-nohach.jpg?w=1024&amp;ssl=1 1024w, https:\/\/i0.wp.com\/cclinic.sk\/klinika\/wp-content\/uploads\/2021\/01\/Cievky-na-nohach.jpg?resize=300%2C300&amp;ssl=1 300w, https:\/\/i0.wp.com\/cclinic.sk\/klinika\/wp-content\/uploads\/2021\/01\/Cievky-na-nohach.jpg?resize=80%2C80&amp;ssl=1 80w, https:\/\/i0.wp.com\/cclinic.sk\/klinika\/wp-content\/uploads\/2021\/01\/Cievky-na-nohach.jpg?resize=768%2C768&amp;ssl=1 768w, https:\/\/i0.wp.com\/cclinic.sk\/klinika\/wp-content\/uploads\/2021\/01\/Cievky-na-nohach.jpg?resize=36%2C36&amp;ssl=1 36w, https:\/\/i0.wp.com\/cclinic.sk\/klinika\/wp-content\/uploads\/2021\/01\/Cievky-na-nohach.jpg?resize=180%2C180&amp;ssl=1 180w, https:\/\/i0.wp.com\/cclinic.sk\/klinika\/wp-content\/uploads\/2021\/01\/Cievky-na-nohach.jpg?resize=705%2C705&amp;ssl=1 705w\" data-sizes=\"(max-width: 1024px) 100vw, 1024px\" data-rel='gallery-1' data-prev-img='https:\/\/i0.wp.com\/cclinic.sk\/klinika\/wp-content\/uploads\/2021\/01\/Cievky-na-nohach.jpg?resize=495%2C400&ssl=1' class='first_thumb lightbox ' data-onclick='1' title='Cievky na nohach'  itemprop=\"thumbnailUrl\"  ><img decoding=\"async\" fetchpriority=\"high\" class=\"wp-image-8105 avia-img-lazy-loading-not-8105\"   src=\"https:\/\/i0.wp.com\/cclinic.sk\/klinika\/wp-content\/uploads\/2021\/01\/Cievky-na-nohach.jpg?fit=705%2C705&ssl=1\" width=\"705\" height=\"705\"  title='Cievky na nohach' alt='' srcset=\"https:\/\/i0.wp.com\/cclinic.sk\/klinika\/wp-content\/uploads\/2021\/01\/Cievky-na-nohach.jpg?w=1024&amp;ssl=1 1024w, https:\/\/i0.wp.com\/cclinic.sk\/klinika\/wp-content\/uploads\/2021\/01\/Cievky-na-nohach.jpg?resize=300%2C300&amp;ssl=1 300w, https:\/\/i0.wp.com\/cclinic.sk\/klinika\/wp-content\/uploads\/2021\/01\/Cievky-na-nohach.jpg?resize=80%2C80&amp;ssl=1 80w, https:\/\/i0.wp.com\/cclinic.sk\/klinika\/wp-content\/uploads\/2021\/01\/Cievky-na-nohach.jpg?resize=768%2C768&amp;ssl=1 768w, https:\/\/i0.wp.com\/cclinic.sk\/klinika\/wp-content\/uploads\/2021\/01\/Cievky-na-nohach.jpg?resize=36%2C36&amp;ssl=1 36w, https:\/\/i0.wp.com\/cclinic.sk\/klinika\/wp-content\/uploads\/2021\/01\/Cievky-na-nohach.jpg?resize=180%2C180&amp;ssl=1 180w, https:\/\/i0.wp.com\/cclinic.sk\/klinika\/wp-content\/uploads\/2021\/01\/Cievky-na-nohach.jpg?resize=705%2C705&amp;ssl=1 705w\" sizes=\"(max-width: 705px) 100vw, 705px\" \/><div class='big-prev-fake'><img decoding=\"async\" loading=\"lazy\" class=\"wp-image-8105 avia-img-lazy-loading-8105\"  width=\"495\" height=\"400\" src=\"https:\/\/i0.wp.com\/cclinic.sk\/klinika\/wp-content\/uploads\/2021\/01\/Cievky-na-nohach.jpg?resize=495%2C400&ssl=1\" title='Cievky na nohach' alt='' srcset=\"https:\/\/i0.wp.com\/cclinic.sk\/klinika\/wp-content\/uploads\/2021\/01\/Cievky-na-nohach.jpg?resize=495%2C400&amp;ssl=1 495w, https:\/\/i0.wp.com\/cclinic.sk\/klinika\/wp-content\/uploads\/2021\/01\/Cievky-na-nohach.jpg?resize=845%2C684&amp;ssl=1 845w, https:\/\/i0.wp.com\/cclinic.sk\/klinika\/wp-content\/uploads\/2021\/01\/Cievky-na-nohach.jpg?zoom=2&amp;resize=495%2C400&amp;ssl=1 990w\" sizes=\"(max-width: 495px) 100vw, 495px\" \/><\/div><\/a><\/div><\/div><br \/>\n<section  class='av_textblock_section av-kjo3t0pl-b5e2dfac133a4a6ad619782570c39fe8 '   itemscope=\"itemscope\" itemtype=\"https:\/\/schema.org\/CreativeWork\" ><div class='avia_textblock'  itemprop=\"text\" ><p style=\"text-align: left;\">Entfernung der Kapillargef\u00e4\u00dfe<br \/>\nMUDr. Diana Vi\u0161\u0148ovsk\u00e1<\/p>\n<\/div><\/section><br \/>\n\n<style type=\"text\/css\" data-created_by=\"avia_inline_auto\" id=\"style-css-av-24dynq-257356f6a13c6a7676393dc5bca2fe82\">\n#top .hr.hr-invisible.av-24dynq-257356f6a13c6a7676393dc5bca2fe82{\nheight:24px;\n}\n<\/style>\n<div  class='hr av-24dynq-257356f6a13c6a7676393dc5bca2fe82 hr-invisible  avia-builder-el-10  el_after_av_textblock  el_before_av_gallery '><span class='hr-inner '><span class=\"hr-inner-style\"><\/span><\/span><\/div><br \/>\n\n<style type=\"text\/css\" data-created_by=\"avia_inline_auto\" id=\"style-css-av-kjo3rm0g-da7a938088e671ba655053776c2f3414\">\n#top .avia-gallery.av-kjo3rm0g-da7a938088e671ba655053776c2f3414 .avia-gallery-thumb a{\nwidth:33.3333%;\n}\n<\/style>\n<div  class='avia-gallery av-kjo3rm0g-da7a938088e671ba655053776c2f3414 avia_animate_when_visible  avia-builder-el-11  el_after_av_hr  el_before_av_textblock  avia_lazyload avia-gallery-animate avia-gallery-2'  itemprop=\"image\" itemscope=\"itemscope\" itemtype=\"https:\/\/schema.org\/ImageObject\" ><meta itemprop=\"contentURL\" content=\"https:\/\/cclinic.sk\/klinika\/de\/medical-vorsorge-und-heilung\/aesthetische-dermatologie\/entfernung-der-kapillargefase-mit-intensivem-puls-licht-ipl-und-diodenlaser-beine\/\"><div class='avia-gallery-thumb'><a href=\"https:\/\/i0.wp.com\/cclinic.sk\/klinika\/wp-content\/uploads\/2021\/01\/Odstr\u00e1nenie-cievok-na-noh\u00e1ch-MUDr.-Vi\u0161\u0148ovsk\u00e1-Concept-Clinic.jpg?fit=1030%2C1030&amp;ssl=1\" data-srcset=\"https:\/\/i0.wp.com\/cclinic.sk\/klinika\/wp-content\/uploads\/2021\/01\/Odstr\u00e1nenie-cievok-na-noh\u00e1ch-MUDr.-Vi\u0161\u0148ovsk\u00e1-Concept-Clinic.jpg?w=1920&amp;ssl=1 1920w, https:\/\/i0.wp.com\/cclinic.sk\/klinika\/wp-content\/uploads\/2021\/01\/Odstr\u00e1nenie-cievok-na-noh\u00e1ch-MUDr.-Vi\u0161\u0148ovsk\u00e1-Concept-Clinic.jpg?resize=300%2C300&amp;ssl=1 300w, https:\/\/i0.wp.com\/cclinic.sk\/klinika\/wp-content\/uploads\/2021\/01\/Odstr\u00e1nenie-cievok-na-noh\u00e1ch-MUDr.-Vi\u0161\u0148ovsk\u00e1-Concept-Clinic.jpg?resize=1030%2C1030&amp;ssl=1 1030w, https:\/\/i0.wp.com\/cclinic.sk\/klinika\/wp-content\/uploads\/2021\/01\/Odstr\u00e1nenie-cievok-na-noh\u00e1ch-MUDr.-Vi\u0161\u0148ovsk\u00e1-Concept-Clinic.jpg?resize=80%2C80&amp;ssl=1 80w, https:\/\/i0.wp.com\/cclinic.sk\/klinika\/wp-content\/uploads\/2021\/01\/Odstr\u00e1nenie-cievok-na-noh\u00e1ch-MUDr.-Vi\u0161\u0148ovsk\u00e1-Concept-Clinic.jpg?resize=768%2C768&amp;ssl=1 768w, https:\/\/i0.wp.com\/cclinic.sk\/klinika\/wp-content\/uploads\/2021\/01\/Odstr\u00e1nenie-cievok-na-noh\u00e1ch-MUDr.-Vi\u0161\u0148ovsk\u00e1-Concept-Clinic.jpg?resize=1536%2C1536&amp;ssl=1 1536w, https:\/\/i0.wp.com\/cclinic.sk\/klinika\/wp-content\/uploads\/2021\/01\/Odstr\u00e1nenie-cievok-na-noh\u00e1ch-MUDr.-Vi\u0161\u0148ovsk\u00e1-Concept-Clinic.jpg?resize=36%2C36&amp;ssl=1 36w, https:\/\/i0.wp.com\/cclinic.sk\/klinika\/wp-content\/uploads\/2021\/01\/Odstr\u00e1nenie-cievok-na-noh\u00e1ch-MUDr.-Vi\u0161\u0148ovsk\u00e1-Concept-Clinic.jpg?resize=180%2C180&amp;ssl=1 180w, https:\/\/i0.wp.com\/cclinic.sk\/klinika\/wp-content\/uploads\/2021\/01\/Odstr\u00e1nenie-cievok-na-noh\u00e1ch-MUDr.-Vi\u0161\u0148ovsk\u00e1-Concept-Clinic.jpg?resize=1500%2C1500&amp;ssl=1 1500w, https:\/\/i0.wp.com\/cclinic.sk\/klinika\/wp-content\/uploads\/2021\/01\/Odstr\u00e1nenie-cievok-na-noh\u00e1ch-MUDr.-Vi\u0161\u0148ovsk\u00e1-Concept-Clinic.jpg?resize=705%2C705&amp;ssl=1 705w\" data-sizes=\"(max-width: 1030px) 100vw, 1030px\" data-rel='gallery-2' data-prev-img='https:\/\/i0.wp.com\/cclinic.sk\/klinika\/wp-content\/uploads\/2021\/01\/Odstr\u00e1nenie-cievok-na-noh\u00e1ch-MUDr.-Vi\u0161\u0148ovsk\u00e1-Concept-Clinic.jpg?resize=495%2C400&ssl=1' class='first_thumb lightbox ' data-onclick='1' title='Odstr\u00e1nenie cievok na noh\u00e1ch MUDr. Vi\u0161\u0148ovsk\u00e1 Concept Clinic'  itemprop=\"thumbnailUrl\"  ><img decoding=\"async\" fetchpriority=\"high\" class=\"wp-image-8107 avia-img-lazy-loading-not-8107\"   src=\"https:\/\/i0.wp.com\/cclinic.sk\/klinika\/wp-content\/uploads\/2021\/01\/Odstr\u00e1nenie-cievok-na-noh\u00e1ch-MUDr.-Vi\u0161\u0148ovsk\u00e1-Concept-Clinic.jpg?fit=705%2C705&ssl=1\" width=\"705\" height=\"705\"  title='Odstr\u00e1nenie cievok na noh\u00e1ch MUDr. Vi\u0161\u0148ovsk\u00e1 Concept Clinic' alt='Odstr\u00e1nenie cievok na noh\u00e1ch Concept Clinic _MUDr. VI\u0161\u0148ovsk\u00e1' srcset=\"https:\/\/i0.wp.com\/cclinic.sk\/klinika\/wp-content\/uploads\/2021\/01\/Odstr\u00e1nenie-cievok-na-noh\u00e1ch-MUDr.-Vi\u0161\u0148ovsk\u00e1-Concept-Clinic.jpg?w=1920&amp;ssl=1 1920w, https:\/\/i0.wp.com\/cclinic.sk\/klinika\/wp-content\/uploads\/2021\/01\/Odstr\u00e1nenie-cievok-na-noh\u00e1ch-MUDr.-Vi\u0161\u0148ovsk\u00e1-Concept-Clinic.jpg?resize=300%2C300&amp;ssl=1 300w, https:\/\/i0.wp.com\/cclinic.sk\/klinika\/wp-content\/uploads\/2021\/01\/Odstr\u00e1nenie-cievok-na-noh\u00e1ch-MUDr.-Vi\u0161\u0148ovsk\u00e1-Concept-Clinic.jpg?resize=1030%2C1030&amp;ssl=1 1030w, https:\/\/i0.wp.com\/cclinic.sk\/klinika\/wp-content\/uploads\/2021\/01\/Odstr\u00e1nenie-cievok-na-noh\u00e1ch-MUDr.-Vi\u0161\u0148ovsk\u00e1-Concept-Clinic.jpg?resize=80%2C80&amp;ssl=1 80w, https:\/\/i0.wp.com\/cclinic.sk\/klinika\/wp-content\/uploads\/2021\/01\/Odstr\u00e1nenie-cievok-na-noh\u00e1ch-MUDr.-Vi\u0161\u0148ovsk\u00e1-Concept-Clinic.jpg?resize=768%2C768&amp;ssl=1 768w, https:\/\/i0.wp.com\/cclinic.sk\/klinika\/wp-content\/uploads\/2021\/01\/Odstr\u00e1nenie-cievok-na-noh\u00e1ch-MUDr.-Vi\u0161\u0148ovsk\u00e1-Concept-Clinic.jpg?resize=1536%2C1536&amp;ssl=1 1536w, https:\/\/i0.wp.com\/cclinic.sk\/klinika\/wp-content\/uploads\/2021\/01\/Odstr\u00e1nenie-cievok-na-noh\u00e1ch-MUDr.-Vi\u0161\u0148ovsk\u00e1-Concept-Clinic.jpg?resize=36%2C36&amp;ssl=1 36w, https:\/\/i0.wp.com\/cclinic.sk\/klinika\/wp-content\/uploads\/2021\/01\/Odstr\u00e1nenie-cievok-na-noh\u00e1ch-MUDr.-Vi\u0161\u0148ovsk\u00e1-Concept-Clinic.jpg?resize=180%2C180&amp;ssl=1 180w, https:\/\/i0.wp.com\/cclinic.sk\/klinika\/wp-content\/uploads\/2021\/01\/Odstr\u00e1nenie-cievok-na-noh\u00e1ch-MUDr.-Vi\u0161\u0148ovsk\u00e1-Concept-Clinic.jpg?resize=1500%2C1500&amp;ssl=1 1500w, https:\/\/i0.wp.com\/cclinic.sk\/klinika\/wp-content\/uploads\/2021\/01\/Odstr\u00e1nenie-cievok-na-noh\u00e1ch-MUDr.-Vi\u0161\u0148ovsk\u00e1-Concept-Clinic.jpg?resize=705%2C705&amp;ssl=1 705w\" sizes=\"(max-width: 705px) 100vw, 705px\" \/><div class='big-prev-fake'><img decoding=\"async\" loading=\"lazy\" class=\"wp-image-8107 avia-img-lazy-loading-8107\"  width=\"495\" height=\"400\" src=\"https:\/\/i0.wp.com\/cclinic.sk\/klinika\/wp-content\/uploads\/2021\/01\/Odstr\u00e1nenie-cievok-na-noh\u00e1ch-MUDr.-Vi\u0161\u0148ovsk\u00e1-Concept-Clinic.jpg?resize=495%2C400&ssl=1\" title='Odstr\u00e1nenie cievok na noh\u00e1ch MUDr. Vi\u0161\u0148ovsk\u00e1 Concept Clinic' alt='Odstr\u00e1nenie cievok na noh\u00e1ch Concept Clinic _MUDr. VI\u0161\u0148ovsk\u00e1' srcset=\"https:\/\/i0.wp.com\/cclinic.sk\/klinika\/wp-content\/uploads\/2021\/01\/Odstr\u00e1nenie-cievok-na-noh\u00e1ch-MUDr.-Vi\u0161\u0148ovsk\u00e1-Concept-Clinic.jpg?resize=495%2C400&amp;ssl=1 495w, https:\/\/i0.wp.com\/cclinic.sk\/klinika\/wp-content\/uploads\/2021\/01\/Odstr\u00e1nenie-cievok-na-noh\u00e1ch-MUDr.-Vi\u0161\u0148ovsk\u00e1-Concept-Clinic.jpg?resize=845%2C684&amp;ssl=1 845w, https:\/\/i0.wp.com\/cclinic.sk\/klinika\/wp-content\/uploads\/2021\/01\/Odstr\u00e1nenie-cievok-na-noh\u00e1ch-MUDr.-Vi\u0161\u0148ovsk\u00e1-Concept-Clinic.jpg?zoom=2&amp;resize=495%2C400&amp;ssl=1 990w, https:\/\/i0.wp.com\/cclinic.sk\/klinika\/wp-content\/uploads\/2021\/01\/Odstr\u00e1nenie-cievok-na-noh\u00e1ch-MUDr.-Vi\u0161\u0148ovsk\u00e1-Concept-Clinic.jpg?zoom=3&amp;resize=495%2C400&amp;ssl=1 1485w\" sizes=\"(max-width: 495px) 100vw, 495px\" \/><\/div><\/a><\/div><\/div><br \/>\n<section  class='av_textblock_section av-kjo3t0pl-b5e2dfac133a4a6ad619782570c39fe8 '   itemscope=\"itemscope\" itemtype=\"https:\/\/schema.org\/CreativeWork\" ><div class='avia_textblock'  itemprop=\"text\" ><p style=\"text-align: left;\">Entfernung der Kapillargef\u00e4\u00dfe<br \/>\nMUDr. Diana Vi\u0161\u0148ovsk\u00e1<\/p>\n<\/div><\/section><br \/>\n<section  class='av_textblock_section av-kjwwpmvz-83e3ad89fd9bfc48954133f4ddc11158 '   itemscope=\"itemscope\" itemtype=\"https:\/\/schema.org\/CreativeWork\" ><div class='avia_textblock'  itemprop=\"text\" ><h2>VIDEO<\/h2>\n<\/div><\/section><br \/>\n<div  class='avia-video av-kjwwp7td-59ef461d1df886e8907d5f5156158c74 avia-video-16-9 av-no-preview-image avia-video-load-always av-lazyload-immediate av-lazyload-video-embed'  itemprop=\"video\" itemtype=\"https:\/\/schema.org\/VideoObject\"  data-original_url='https:\/\/vimeo.com\/318438090\/6c2b50627a'><script type='text\/html' class='av-video-tmpl'><div class='avia-iframe-wrap'><iframe loading=\"lazy\" title=\"Concept Clinic - IPL\" src=\"https:\/\/player.vimeo.com\/video\/318438090?dnt=1&amp;app_id=122963&autoplay=0&loop=0&controls=1&muted=0\" width=\"1500\" height=\"844\" frameborder=\"0\" allow=\"autoplay; fullscreen; picture-in-picture\" allowfullscreen><\/iframe><\/div><\/script><div class='av-click-to-play-overlay'><div class=\"avia_playpause_icon\"><\/div><\/div><\/div><\/p><\/div>\n","protected":false},"excerpt":{"rendered":"","protected":false},"author":1,"featured_media":0,"parent":1996,"menu_order":0,"comment_status":"closed","ping_status":"closed","template":"","meta":{"_acf_changed":false,"footnotes":""},"acf":[],"jetpack_sharing_enabled":true,"_links":{"self":[{"href":"https:\/\/cclinic.sk\/klinika\/wp-json\/wp\/v2\/pages\/2262"}],"collection":[{"href":"https:\/\/cclinic.sk\/klinika\/wp-json\/wp\/v2\/pages"}],"about":[{"href":"https:\/\/cclinic.sk\/klinika\/wp-json\/wp\/v2\/types\/page"}],"author":[{"embeddable":true,"href":"https:\/\/cclinic.sk\/klinika\/wp-json\/wp\/v2\/users\/1"}],"replies":[{"embeddable":true,"href":"https:\/\/cclinic.sk\/klinika\/wp-json\/wp\/v2\/comments?post=2262"}],"version-history":[{"count":7,"href":"https:\/\/cclinic.sk\/klinika\/wp-json\/wp\/v2\/pages\/2262\/revisions"}],"predecessor-version":[{"id":8160,"href":"https:\/\/cclinic.sk\/klinika\/wp-json\/wp\/v2\/pages\/2262\/revisions\/8160"}],"up":[{"embeddable":true,"href":"https:\/\/cclinic.sk\/klinika\/wp-json\/wp\/v2\/pages\/1996"}],"wp:attachment":[{"href":"https:\/\/cclinic.sk\/klinika\/wp-json\/wp\/v2\/media?parent=2262"}],"curies":[{"name":"wp","href":"https:\/\/api.w.org\/{rel}","templated":true}]}}