{"id":5608,"date":"2019-02-26T19:01:36","date_gmt":"2019-02-26T18:01:36","guid":{"rendered":"https:\/\/cclinic.sk\/klinika\/?page_id=5608"},"modified":"2019-02-26T19:02:21","modified_gmt":"2019-02-26T18:02:21","slug":"rosacea","status":"publish","type":"page","link":"https:\/\/cclinic.sk\/klinika\/de\/medical-vorsorge-und-heilung\/aesthetische-dermatologie\/rosacea\/","title":{"rendered":"Rosacea"},"content":{"rendered":"\n<style type=\"text\/css\" data-created_by=\"avia_inline_auto\" id=\"style-css-av-av_section-83601394a9398b30542d927c495cdddf\">\n.avia-section.av-av_section-83601394a9398b30542d927c495cdddf{\nbackground-repeat:no-repeat;\nbackground-image:url(https:\/\/i0.wp.com\/cclinic.sk\/klinika\/wp-content\/uploads\/2018\/11\/esteticka_derma_1920x288px.jpg?fit=1920%2C288&ssl=1);\nbackground-position:50% 50%;\nbackground-attachment:scroll;\n}\n<\/style>\n<div id='hlavicka'  class='avia-section av-av_section-83601394a9398b30542d927c495cdddf alternate_color avia-section-large avia-no-shadow  avia-builder-el-0  el_before_av_section  avia-builder-el-first  avia-full-stretch avia-bg-style-scroll container_wrap sidebar_right'  data-section-bg-repeat='stretch'><div class='container av-section-cont-open' ><main  role=\"main\" itemprop=\"mainContentOfPage\"  class='template-page content  av-content-small alpha units'><div class='post-entry post-entry-type-page post-entry-5608'><div class='entry-content-wrapper clearfix'>\n<section  class='av_textblock_section av-av_textblock-2de302bf1aa3cf4c9157dbe6f50ac7eb '   itemscope=\"itemscope\" itemtype=\"https:\/\/schema.org\/CreativeWork\" ><div class='avia_textblock'  itemprop=\"text\" ><h2 style=\"text-align: center;\">\u00c4STHETISCHE DERMATOLOGIE<\/h2>\n<\/div><\/section>\n\n<\/div><\/div><\/main><!-- close content main element --><\/div><\/div><div id='av_section_2'  class='avia-section av-av_section-f3892e610ee9633c68397830e8f2c661 main_color avia-section-default avia-no-border-styling  avia-builder-el-2  el_after_av_section  el_before_av_section  avia-bg-style-scroll container_wrap sidebar_right'  ><div class='container av-section-cont-open' ><div class='template-page content  av-content-small alpha units'><div class='post-entry post-entry-type-page post-entry-5608'><div class='entry-content-wrapper clearfix'>\n<section  class='av_textblock_section av-av_textblock-2de302bf1aa3cf4c9157dbe6f50ac7eb '   itemscope=\"itemscope\" itemtype=\"https:\/\/schema.org\/CreativeWork\" ><div class='avia_textblock'  itemprop=\"text\" ><h1 style=\"text-align: center;\">Rosacea<\/h1>\n<p style=\"text-align: center;\">In unseren geographischen Regionen stellt Rosacea eine sehr h\u00e4ufige chronische, Entz\u00fcndung des Gesichtes dar. Zu typischen Symptomen geh\u00f6rt vor\u00fcbergehende, sp\u00e4ter persistierende R\u00f6tung im Gesicht, Papeln (entz\u00fcndete Hautausschl\u00e4ge) und Pusteln (vereitelte Bl\u00e4schen), sichtbare Adern, Schwellungen oder herdf\u00f6rmige Verrohung des Gesichts, oder Augenkomplikationen. Diese werden aber h\u00e4ufig mit den Symptomen einer Allergie oder Akne verwechselt.<\/p>\n<\/div><\/section>\n\n<\/div><\/div><\/div><!-- close content main div --><\/div><\/div><div id='av_section_3'  class='avia-section av-av_section-2bb5dbc2f4280f0fa9c0823dd68eaa60 main_color avia-section-small avia-no-border-styling  avia-builder-el-4  el_after_av_section  avia-builder-el-last  avia-bg-style-scroll container_wrap sidebar_right'  ><div class='container av-section-cont-open' ><div class='template-page content  av-content-small alpha units'><div class='post-entry post-entry-type-page post-entry-5608'><div class='entry-content-wrapper clearfix'>\n<section  class='av_textblock_section av-av_textblock-2de302bf1aa3cf4c9157dbe6f50ac7eb '   itemscope=\"itemscope\" itemtype=\"https:\/\/schema.org\/CreativeWork\" ><div class='avia_textblock'  itemprop=\"text\" ><h3 style=\"color: #990033;\">EMPFOHLENE EINGRIFFE<\/h3>\n<\/div><\/section>\n\n<style type=\"text\/css\" data-created_by=\"avia_inline_auto\" id=\"style-css-av-av_hr-69b9bca064f733df4ff430f7c51119d1\">\n#top .hr.av-av_hr-69b9bca064f733df4ff430f7c51119d1{\nmargin-top:0;\nmargin-bottom:5px;\n}\n.hr.av-av_hr-69b9bca064f733df4ff430f7c51119d1 .hr-inner{\nwidth:100%;\n}\n<\/style>\n<div  class='hr av-av_hr-69b9bca064f733df4ff430f7c51119d1 hr-custom  avia-builder-el-6  el_after_av_textblock  el_before_av_sidebar  hr-left hr-icon-no'><span class='hr-inner inner-border-av-border-thin'><span class=\"hr-inner-style\"><\/span><\/span><\/div>\n<div  class='avia-builder-widget-area clearfix  avia-builder-el-7  el_after_av_hr  avia-builder-el-last '><div id=\"nav_menu-116\" class=\"widget clearfix widget_nav_menu\"><div class=\"menu-de-problemy-derma-rosacea-container\"><ul id=\"menu-de-problemy-derma-rosacea\" class=\"menu\"><li id=\"menu-item-5607\" class=\"menu-item menu-item-type-post_type menu-item-object-page menu-item-5607\"><a href=\"https:\/\/cclinic.sk\/klinika\/de\/medical-vorsorge-und-heilung\/aesthetische-dermatologie\/beseitigung-der-erweiterten-kapillargefasen-im-gesicht-mit-intensivem-puls-licht-ipl-lumenis-m22\/\">Beseitigung der erweiterten Kapillargef\u00e4\u00dfen im Gesicht mit intensivem Puls-Licht IPL Lumenis M22<\/a><\/li>\n<\/ul><\/div><\/div><\/div>\n<\/div><\/div><\/div><!-- close content main div --><\/div><\/div><div id='after_section_3'  class='main_color av_default_container_wrap container_wrap sidebar_right'  ><div class='container av-section-cont-open' ><div class='template-page content  av-content-small alpha units'><div class='post-entry post-entry-type-page post-entry-5608'><div class='entry-content-wrapper clearfix'>\n","protected":false},"excerpt":{"rendered":"","protected":false},"author":1,"featured_media":0,"parent":1996,"menu_order":0,"comment_status":"closed","ping_status":"closed","template":"","meta":{"_acf_changed":false,"footnotes":""},"acf":[],"jetpack_sharing_enabled":true,"_links":{"self":[{"href":"https:\/\/cclinic.sk\/klinika\/wp-json\/wp\/v2\/pages\/5608"}],"collection":[{"href":"https:\/\/cclinic.sk\/klinika\/wp-json\/wp\/v2\/pages"}],"about":[{"href":"https:\/\/cclinic.sk\/klinika\/wp-json\/wp\/v2\/types\/page"}],"author":[{"embeddable":true,"href":"https:\/\/cclinic.sk\/klinika\/wp-json\/wp\/v2\/users\/1"}],"replies":[{"embeddable":true,"href":"https:\/\/cclinic.sk\/klinika\/wp-json\/wp\/v2\/comments?post=5608"}],"version-history":[{"count":3,"href":"https:\/\/cclinic.sk\/klinika\/wp-json\/wp\/v2\/pages\/5608\/revisions"}],"predecessor-version":[{"id":5610,"href":"https:\/\/cclinic.sk\/klinika\/wp-json\/wp\/v2\/pages\/5608\/revisions\/5610"}],"up":[{"embeddable":true,"href":"https:\/\/cclinic.sk\/klinika\/wp-json\/wp\/v2\/pages\/1996"}],"wp:attachment":[{"href":"https:\/\/cclinic.sk\/klinika\/wp-json\/wp\/v2\/media?parent=5608"}],"curies":[{"name":"wp","href":"https:\/\/api.w.org\/{rel}","templated":true}]}}